{"id":104428,"date":"2025-02-27T13:20:11","date_gmt":"2025-02-27T13:20:11","guid":{"rendered":"https:\/\/gpi-tanksxl.com\/over-ons\/"},"modified":"2025-05-26T08:36:44","modified_gmt":"2025-05-26T08:36:44","slug":"over-ons","status":"publish","type":"page","link":"https:\/\/gpi-tanksxl.com\/nl\/over-ons\/","title":{"rendered":"Over ons"},"content":{"rendered":"\t\t<div data-elementor-type=\"wp-page\" data-elementor-id=\"104428\" class=\"elementor elementor-104428 elementor-103530\" data-elementor-post-type=\"page\">\n\t\t\t\t<div class=\"elementor-element elementor-element-4c75171 e-con-full e-flex e-con e-parent\" data-id=\"4c75171\" data-element_type=\"container\" data-settings=\"{&quot;background_background&quot;:&quot;gradient&quot;}\">\n\t\t\t\t<div class=\"elementor-element elementor-element-7403095 elementor-widget elementor-widget-brandbox\" data-id=\"7403095\" data-element_type=\"widget\" data-widget_type=\"brandbox.default\">\n\t\t\t\t<div class=\"elementor-widget-container\">\n\t\t\t\t\t<div class=\"brandbox\">\n\t<div class=\"brandbox-content\">\n\t\t\t\t\n\t\t\t\t\t<h1 class=\"brandbox-title\">Over Gpi Tanks XL<\/h1>\n\t\t\n\t\t\t\t\t<span class=\"brandbox-subtitle\">Expert in rvs tankbouw on-site<\/span>\n\t\t\t<\/div>\n\n\t<div class=\"brandbox-media\">\n\t\t\t\t\t<img fetchpriority=\"high\" decoding=\"async\" width=\"1600\" height=\"1067\" src=\"https:\/\/gpi-tanksxl.com\/wp-content\/uploads\/2025\/05\/MG_8365.jpg\" class=\"attachment-full size-full\" alt=\"Tankbouwsite met grote rvs opslagtanks in aanbouw door Gpi Tanks XL.\" srcset=\"https:\/\/gpi-tanksxl.com\/wp-content\/uploads\/2025\/05\/MG_8365.jpg 1600w, https:\/\/gpi-tanksxl.com\/wp-content\/uploads\/2025\/05\/MG_8365-300x200.jpg 300w, https:\/\/gpi-tanksxl.com\/wp-content\/uploads\/2025\/05\/MG_8365-1024x683.jpg 1024w, https:\/\/gpi-tanksxl.com\/wp-content\/uploads\/2025\/05\/MG_8365-768x512.jpg 768w, https:\/\/gpi-tanksxl.com\/wp-content\/uploads\/2025\/05\/MG_8365-1536x1024.jpg 1536w\" sizes=\"(max-width: 1600px) 100vw, 1600px\" \/>\t\t\t<\/div> \n<\/div>\n\n\t\t\t\t<\/div>\n\t\t\t\t<\/div>\n\t\t\t\t<\/div>\n\t\t<div class=\"elementor-element elementor-element-3756fff e-flex e-con-boxed e-con e-parent\" data-id=\"3756fff\" data-element_type=\"container\" data-settings=\"{&quot;background_background&quot;:&quot;gradient&quot;}\">\n\t\t\t\t\t<div class=\"e-con-inner\">\n\t\t<div class=\"elementor-element elementor-element-c6cc410 e-con-full e-flex e-con e-child\" data-id=\"c6cc410\" data-element_type=\"container\">\n\t\t\t\t<div class=\"elementor-element elementor-element-bc2ef2a elementor-widget elementor-widget-heading\" data-id=\"bc2ef2a\" data-element_type=\"widget\" data-widget_type=\"heading.default\">\n\t\t\t\t<div class=\"elementor-widget-container\">\n\t\t\t\t\t<h2 class=\"elementor-heading-title elementor-size-default\">Over ons<\/h2>\t\t\t\t<\/div>\n\t\t\t\t<\/div>\n\t\t\t\t<div class=\"elementor-element elementor-element-89e7184 elementor-widget elementor-widget-text-editor\" data-id=\"89e7184\" data-element_type=\"widget\" data-widget_type=\"text-editor.default\">\n\t\t\t\t<div class=\"elementor-widget-container\">\n\t\t\t\t\t\t\t\t\t<p>Gpi Tanks XL is een rvs tankbouwer gespecialiseerd in grote rvs en duplex opslagtanks tot 12.000 m\u00b3. Met ruim 30 jaar ervaring ontwerpen, produceren en installeren wij tanks op maat voor toonaangevende bedrijven in o.a. de chemie, bulkopslag en waterindustrie. Bij al onze werkzaamheden staat veilig werken centraal.<\/p><p>Vanwege de omvang kunnen deze tanks niet eenvoudig worden vervoerd en worden daarom op locatie van de klant of in de directe omgeving aan het water gebouwd.<\/p><p>We bouwen enkelvoudige als meervoudige tankprojecten. Hierbij hanteren we diverse constructiemethodes waarbij we continu zoeken naar de meest veilige, hoogwaardige en effici\u00ebnte manier van bouwen.<\/p>\t\t\t\t\t\t\t\t<\/div>\n\t\t\t\t<\/div>\n\t\t\t\t<div class=\"elementor-element elementor-element-f35a74e elementor-widget elementor-widget-heading\" data-id=\"f35a74e\" data-element_type=\"widget\" data-widget_type=\"heading.default\">\n\t\t\t\t<div class=\"elementor-widget-container\">\n\t\t\t\t\t<h3 class=\"elementor-heading-title elementor-size-default\">Onze missie<\/h3>\t\t\t\t<\/div>\n\t\t\t\t<\/div>\n\t\t\t\t<div class=\"elementor-element elementor-element-d0c1dac elementor-widget elementor-widget-text-editor\" data-id=\"d0c1dac\" data-element_type=\"widget\" data-widget_type=\"text-editor.default\">\n\t\t\t\t<div class=\"elementor-widget-container\">\n\t\t\t\t\t\t\t\t\t<p>Gpi is een wereldspeler voor wereldspelers. Wij herkennen en erkennen de uitdagingen waar u als wereldspeler in de industrie mee te maken heeft. Onze specialisten \u2013 van sales, engineering en executie \u2013 zetten zich dagelijks in om uw processen effici\u00ebnter, duurzamer en toekomstbestendig te maken, zodat u uw doelen kan behalen. Als klantgerichte organisatie geloven we in nauwe samenwerking, doordachte oplossingen en langdurige relaties. Samen bouwen we aan uw succes.<\/p>\t\t\t\t\t\t\t\t<\/div>\n\t\t\t\t<\/div>\n\t\t\t\t<\/div>\n\t\t<div class=\"elementor-element elementor-element-bcf121b e-con-full e-flex e-con e-child\" data-id=\"bcf121b\" data-element_type=\"container\">\n\t\t\t\t<div class=\"elementor-element elementor-element-c65e933 elementor-widget elementor-widget-overlap-cta\" data-id=\"c65e933\" data-element_type=\"widget\" data-widget_type=\"overlap-cta.default\">\n\t\t\t\t<div class=\"elementor-widget-container\">\n\t\t\t\t\t<div class=\"overlap-cta \">\n    <div class=\"overlap-cta-content\">\n                    <h2>Gpi Group<\/h2>\n        \n                    <p>Gpi Tanks XL is onderdeel van Gpi Group. Binnen de Gpi Group bundelen wij de krachten van gespecialiseerde bedrijven. Ieder met zijn eigen specialisme, maar verbonden door gedeelde kernwaarden: expertise, drive, innovatie en betrokkenheid. Deze kernwaarden vormen onze basis en zorgen ervoor dat we als \u00e9\u00e9n sterke organisatie opereren - betrouwbaar, slagvaardig en met oog voor wat \u00e9cht telt.<\/p>\n        \n        \t\t\t<div class=\"gpi-button white\">\n\t\t\t\t<a href=\"https:\/\/gpi-group.com\/nl\/\" target=\"_blank\" rel=\"noopener\">\n\t\t\t\t\t<span>Gpi Group website<\/span>\n\n\t\t\t\t\t<!-- Icon -->\n\t\t\t\t\t<div class=\"gpi-button-icon\">\n\t\t\t\t\t\t<svg width=\"17\" height=\"16\" viewBox=\"0 0 17 16\" fill=\"none\" xmlns=\"http:\/\/www.w3.org\/2000\/svg\" class=\"inner-arrow\">\n\t\t\t\t\t\t\t<path d=\"M8.60352 0L7.19352 1.41L12.7735 7H0.603516V9H12.7735L7.19352 14.59L8.60352 16L16.6035 8L8.60352 0Z\" fill=\"#00A799\"\/>\n\t\t\t\t\t\t<\/svg>\n\n\t\t\t\t\t\t<svg width=\"52\" height=\"52\" class=\"outer-circle\">\n\t\t\t\t\t\t\t<circle cx=\"26\" cy=\"26\" r=\"24\" stroke=\"#e1e1e1\" stroke-width=\"1\" fill-opacity=\"0\"><\/circle>\n\t\t\t\t\t\t\t<circle class=\"circle\" cx=\"26\" cy=\"26\" r=\"24\" stroke=\"#00a799\" fill=\"#fff\" stroke-width=\"3\"><\/circle>\n\t\t\t\t\t\t<\/svg>\n\t\t\t\t\t<\/div>\n\t\t\t\t<\/a>\n\t\t\t<\/div>\n            <\/div>\n\n    <div class=\"overlap-cta-image\"><\/div>\n<\/div>\t\t\t\t<\/div>\n\t\t\t\t<\/div>\n\t\t\t\t<\/div>\n\t\t\t\t\t<\/div>\n\t\t\t\t<\/div>\n\t\t<div class=\"elementor-element elementor-element-a6106ac e-flex e-con-boxed e-con e-parent\" data-id=\"a6106ac\" data-element_type=\"container\">\n\t\t\t\t\t<div class=\"e-con-inner\">\n\t\t<div class=\"elementor-element elementor-element-9254b13 e-con-full e-flex e-con e-child\" data-id=\"9254b13\" data-element_type=\"container\">\n\t\t\t\t<div class=\"elementor-element elementor-element-22849c2 elementor-widget elementor-widget-image\" data-id=\"22849c2\" data-element_type=\"widget\" data-widget_type=\"image.default\">\n\t\t\t\t<div class=\"elementor-widget-container\">\n\t\t\t\t\t\t\t\t\t\t\t\t\t\t\t<img decoding=\"async\" width=\"1572\" height=\"884\" src=\"https:\/\/gpi-tanksxl.com\/wp-content\/uploads\/2025\/02\/MG_4488-3-2.jpg\" class=\"attachment-full size-full wp-image-104477\" alt=\"Enthousiaste medewerkers van Gpi Group met behaalde certificaten in de hand in de rvs tankbouw productiehal.\" srcset=\"https:\/\/gpi-tanksxl.com\/wp-content\/uploads\/2025\/02\/MG_4488-3-2.jpg 1572w, https:\/\/gpi-tanksxl.com\/wp-content\/uploads\/2025\/02\/MG_4488-3-2-300x169.jpg 300w, https:\/\/gpi-tanksxl.com\/wp-content\/uploads\/2025\/02\/MG_4488-3-2-1024x576.jpg 1024w, https:\/\/gpi-tanksxl.com\/wp-content\/uploads\/2025\/02\/MG_4488-3-2-768x432.jpg 768w, https:\/\/gpi-tanksxl.com\/wp-content\/uploads\/2025\/02\/MG_4488-3-2-1536x864.jpg 1536w\" sizes=\"(max-width: 1572px) 100vw, 1572px\" \/>\t\t\t\t\t\t\t\t\t\t\t\t\t\t\t<\/div>\n\t\t\t\t<\/div>\n\t\t\t\t<\/div>\n\t\t<div class=\"elementor-element elementor-element-d62122c e-con-full e-flex e-con e-child\" data-id=\"d62122c\" data-element_type=\"container\">\n\t\t\t\t<div class=\"elementor-element elementor-element-4ec40b7 elementor-widget elementor-widget-heading\" data-id=\"4ec40b7\" data-element_type=\"widget\" data-widget_type=\"heading.default\">\n\t\t\t\t<div class=\"elementor-widget-container\">\n\t\t\t\t\t<h2 class=\"elementor-heading-title elementor-size-default\">Certificeringen<\/h2>\t\t\t\t<\/div>\n\t\t\t\t<\/div>\n\t\t\t\t<div class=\"elementor-element elementor-element-e7c00af elementor-widget elementor-widget-text-editor\" data-id=\"e7c00af\" data-element_type=\"widget\" data-widget_type=\"text-editor.default\">\n\t\t\t\t<div class=\"elementor-widget-container\">\n\t\t\t\t\t\t\t\t\t<p>We werken volgens de hoogste standaarden en zorgen ervoor dat we altijd transparant en volgens de regels handelen. Onze certificeringen onderstrepen onze toewijding aan kwaliteit, veiligheid en duurzaamheid.<\/p><p><strong>ISO 9001 \u2013 Kwaliteitsmanagement:<\/strong> Wij waarborgen een continue verbetering van onze processen en producten om de hoogste kwaliteit te leveren die voldoet aan de eisen van onze klanten en regelgeving.<\/p><p><strong>ISO 14001 \u2013 Milieumanagement<\/strong>: Wij leven de wettelijke en regelgevende milieueisen na en zetten ons in voor duurzame bedrijfsvoering. We vinden het belangrijk dat ons bedrijf ook positief bijdraagt aan de maatschappij en onze milieu-impact minimaliseert.<\/p><p><strong>ISO 45001 \u2013 Gezond en veilig werken:<\/strong> Wij cre\u00ebren een veilige en gezonde werkomgeving voor onze medewerkers en partners, waarbij we risico\u2019s minimaliseren en voldoen aan de hoogste veiligheidsnormen.<\/p>\t\t\t\t\t\t\t\t<\/div>\n\t\t\t\t<\/div>\n\t\t\t\t<div class=\"elementor-element elementor-element-481f24b elementor-widget elementor-widget-gpi-button\" data-id=\"481f24b\" data-element_type=\"widget\" data-widget_type=\"gpi-button.default\">\n\t\t\t\t<div class=\"elementor-widget-container\">\n\t\t\t\t\t\n\t\t<div class=\"gpi-button \">\n\t\t\t<a href=\"https:\/\/gpi-tanksxl.com\/nl\/kwaliteit\/\" id=\"\">\n\t\t\t\t\t\t\t\t\t<span>Meer over onze certificeringen<\/span>\n\t\t\t\t\n\t\t\t\t<!-- Icon -->\n\t\t\t\t<div class=\"gpi-button-icon right\">\n\t\t\t\t\t<svg width=\"17\" height=\"16\" viewBox=\"0 0 17 16\" fill=\"none\" xmlns=\"http:\/\/www.w3.org\/2000\/svg\" class=\"inner-arrow\">\n\t\t\t\t\t\t<path d=\"M8.60352 0L7.19352 1.41L12.7735 7H0.603516V9H12.7735L7.19352 14.59L8.60352 16L16.6035 8L8.60352 0Z\" fill=\"#00A799\"\/>\n\t\t\t\t\t<\/svg>\n\n\t\t\t\t\t<svg width=\"52\" height=\"52\" class=\"outer-circle\">\n\t\t\t\t\t\t<circle cx=\"26\" cy=\"26\" r=\"24\" stroke=\"#e1e1e1\" stroke-width=\"1\" fill-opacity=\"0\"><\/circle>\n\t\t\t\t\t\t<circle class=\"circle\" cx=\"26\" cy=\"26\" r=\"24\" stroke=\"#00a799\" fill=\"#fff\" stroke-width=\"3\"><\/circle>\n\t\t\t\t\t<\/svg>\n\t\t\t\t<\/div>\n\t\t\t<\/a>\n\t\t<\/div>\n\n\t\t\t\t\t\t<\/div>\n\t\t\t\t<\/div>\n\t\t\t\t<\/div>\n\t\t\t\t\t<\/div>\n\t\t\t\t<\/div>\n\t\t<div class=\"elementor-element elementor-element-8d50152 e-flex e-con-boxed e-con e-parent\" data-id=\"8d50152\" data-element_type=\"container\">\n\t\t\t\t\t<div class=\"e-con-inner\">\n\t\t<div class=\"elementor-element elementor-element-4bded43 e-con-full e-flex e-con e-child\" data-id=\"4bded43\" data-element_type=\"container\">\n\t\t\t\t<div class=\"elementor-element elementor-element-c84a781 elementor-widget elementor-widget-image\" data-id=\"c84a781\" data-element_type=\"widget\" data-widget_type=\"image.default\">\n\t\t\t\t<div class=\"elementor-widget-container\">\n\t\t\t\t\t\t\t\t\t\t\t\t\t\t\t<img decoding=\"async\" width=\"2100\" height=\"1400\" src=\"https:\/\/gpi-tanksxl.com\/wp-content\/uploads\/2025\/03\/MG_4415-v2.jpg\" class=\"attachment-full size-full wp-image-104664\" alt=\"Laadpoort met stekker van elektrische auto van Gpi Tanks &amp; Process Equipment.\" srcset=\"https:\/\/gpi-tanksxl.com\/wp-content\/uploads\/2025\/03\/MG_4415-v2.jpg 2100w, https:\/\/gpi-tanksxl.com\/wp-content\/uploads\/2025\/03\/MG_4415-v2-300x200.jpg 300w, https:\/\/gpi-tanksxl.com\/wp-content\/uploads\/2025\/03\/MG_4415-v2-1024x683.jpg 1024w, https:\/\/gpi-tanksxl.com\/wp-content\/uploads\/2025\/03\/MG_4415-v2-768x512.jpg 768w, https:\/\/gpi-tanksxl.com\/wp-content\/uploads\/2025\/03\/MG_4415-v2-1536x1024.jpg 1536w, https:\/\/gpi-tanksxl.com\/wp-content\/uploads\/2025\/03\/MG_4415-v2-2048x1365.jpg 2048w\" sizes=\"(max-width: 2100px) 100vw, 2100px\" \/>\t\t\t\t\t\t\t\t\t\t\t\t\t\t\t<\/div>\n\t\t\t\t<\/div>\n\t\t\t\t<\/div>\n\t\t<div class=\"elementor-element elementor-element-7be8f5f e-con-full e-flex e-con e-child\" data-id=\"7be8f5f\" data-element_type=\"container\">\n\t\t\t\t<div class=\"elementor-element elementor-element-9bd1c05 elementor-widget elementor-widget-heading\" data-id=\"9bd1c05\" data-element_type=\"widget\" data-widget_type=\"heading.default\">\n\t\t\t\t<div class=\"elementor-widget-container\">\n\t\t\t\t\t<h2 class=\"elementor-heading-title elementor-size-default\">Veiligheid, kwaliteit &amp; duurzaamheid<\/h2>\t\t\t\t<\/div>\n\t\t\t\t<\/div>\n\t\t\t\t<div class=\"elementor-element elementor-element-4d29575 elementor-widget elementor-widget-text-editor\" data-id=\"4d29575\" data-element_type=\"widget\" data-widget_type=\"text-editor.default\">\n\t\t\t\t<div class=\"elementor-widget-container\">\n\t\t\t\t\t\t\t\t\t<p>Veiligheid, kwaliteit en duurzaamheid vormen een integraal onderdeel van onze bedrijfsvoering. Dit stelt ons in staat om betrouwbare, duurzame en hoogwaardige oplossingen te leveren aan onze klanten wereldwijd.<\/p>\t\t\t\t\t\t\t\t<\/div>\n\t\t\t\t<\/div>\n\t\t\t\t<div class=\"elementor-element elementor-element-650dd29 elementor-widget elementor-widget-gpi-button\" data-id=\"650dd29\" data-element_type=\"widget\" data-widget_type=\"gpi-button.default\">\n\t\t\t\t<div class=\"elementor-widget-container\">\n\t\t\t\t\t\n\t\t<div class=\"gpi-button \">\n\t\t\t<a href=\"https:\/\/gpi-tanksxl.com\/nl\/veiligheid\/\" id=\"\">\n\t\t\t\t\t\t\t\t\t<span>Veiligheid<\/span>\n\t\t\t\t\n\t\t\t\t<!-- Icon -->\n\t\t\t\t<div class=\"gpi-button-icon right\">\n\t\t\t\t\t<svg width=\"17\" height=\"16\" viewBox=\"0 0 17 16\" fill=\"none\" xmlns=\"http:\/\/www.w3.org\/2000\/svg\" class=\"inner-arrow\">\n\t\t\t\t\t\t<path d=\"M8.60352 0L7.19352 1.41L12.7735 7H0.603516V9H12.7735L7.19352 14.59L8.60352 16L16.6035 8L8.60352 0Z\" fill=\"#00A799\"\/>\n\t\t\t\t\t<\/svg>\n\n\t\t\t\t\t<svg width=\"52\" height=\"52\" class=\"outer-circle\">\n\t\t\t\t\t\t<circle cx=\"26\" cy=\"26\" r=\"24\" stroke=\"#e1e1e1\" stroke-width=\"1\" fill-opacity=\"0\"><\/circle>\n\t\t\t\t\t\t<circle class=\"circle\" cx=\"26\" cy=\"26\" r=\"24\" stroke=\"#00a799\" fill=\"#fff\" stroke-width=\"3\"><\/circle>\n\t\t\t\t\t<\/svg>\n\t\t\t\t<\/div>\n\t\t\t<\/a>\n\t\t<\/div>\n\n\t\t\t\t\t\t<\/div>\n\t\t\t\t<\/div>\n\t\t\t\t<div class=\"elementor-element elementor-element-f11d7ed elementor-widget elementor-widget-gpi-button\" data-id=\"f11d7ed\" data-element_type=\"widget\" data-widget_type=\"gpi-button.default\">\n\t\t\t\t<div class=\"elementor-widget-container\">\n\t\t\t\t\t\n\t\t<div class=\"gpi-button \">\n\t\t\t<a href=\"https:\/\/gpi-tanksxl.com\/nl\/kwaliteit\/\" id=\"\">\n\t\t\t\t\t\t\t\t\t<span>Kwaliteit<\/span>\n\t\t\t\t\n\t\t\t\t<!-- Icon -->\n\t\t\t\t<div class=\"gpi-button-icon right\">\n\t\t\t\t\t<svg width=\"17\" height=\"16\" viewBox=\"0 0 17 16\" fill=\"none\" xmlns=\"http:\/\/www.w3.org\/2000\/svg\" class=\"inner-arrow\">\n\t\t\t\t\t\t<path d=\"M8.60352 0L7.19352 1.41L12.7735 7H0.603516V9H12.7735L7.19352 14.59L8.60352 16L16.6035 8L8.60352 0Z\" fill=\"#00A799\"\/>\n\t\t\t\t\t<\/svg>\n\n\t\t\t\t\t<svg width=\"52\" height=\"52\" class=\"outer-circle\">\n\t\t\t\t\t\t<circle cx=\"26\" cy=\"26\" r=\"24\" stroke=\"#e1e1e1\" stroke-width=\"1\" fill-opacity=\"0\"><\/circle>\n\t\t\t\t\t\t<circle class=\"circle\" cx=\"26\" cy=\"26\" r=\"24\" stroke=\"#00a799\" fill=\"#fff\" stroke-width=\"3\"><\/circle>\n\t\t\t\t\t<\/svg>\n\t\t\t\t<\/div>\n\t\t\t<\/a>\n\t\t<\/div>\n\n\t\t\t\t\t\t<\/div>\n\t\t\t\t<\/div>\n\t\t\t\t<div class=\"elementor-element elementor-element-dc623cd elementor-widget elementor-widget-gpi-button\" data-id=\"dc623cd\" data-element_type=\"widget\" data-widget_type=\"gpi-button.default\">\n\t\t\t\t<div class=\"elementor-widget-container\">\n\t\t\t\t\t\n\t\t<div class=\"gpi-button \">\n\t\t\t<a href=\"https:\/\/gpi-tanksxl.com\/nl\/duurzaamheid\/\" id=\"\">\n\t\t\t\t\t\t\t\t\t<span>Duurzaamheid<\/span>\n\t\t\t\t\n\t\t\t\t<!-- Icon -->\n\t\t\t\t<div class=\"gpi-button-icon right\">\n\t\t\t\t\t<svg width=\"17\" height=\"16\" viewBox=\"0 0 17 16\" fill=\"none\" xmlns=\"http:\/\/www.w3.org\/2000\/svg\" class=\"inner-arrow\">\n\t\t\t\t\t\t<path d=\"M8.60352 0L7.19352 1.41L12.7735 7H0.603516V9H12.7735L7.19352 14.59L8.60352 16L16.6035 8L8.60352 0Z\" fill=\"#00A799\"\/>\n\t\t\t\t\t<\/svg>\n\n\t\t\t\t\t<svg width=\"52\" height=\"52\" class=\"outer-circle\">\n\t\t\t\t\t\t<circle cx=\"26\" cy=\"26\" r=\"24\" stroke=\"#e1e1e1\" stroke-width=\"1\" fill-opacity=\"0\"><\/circle>\n\t\t\t\t\t\t<circle class=\"circle\" cx=\"26\" cy=\"26\" r=\"24\" stroke=\"#00a799\" fill=\"#fff\" stroke-width=\"3\"><\/circle>\n\t\t\t\t\t<\/svg>\n\t\t\t\t<\/div>\n\t\t\t<\/a>\n\t\t<\/div>\n\n\t\t\t\t\t\t<\/div>\n\t\t\t\t<\/div>\n\t\t\t\t<\/div>\n\t\t\t\t\t<\/div>\n\t\t\t\t<\/div>\n\t\t\t\t<\/div>\n\t\t","protected":false},"excerpt":{"rendered":"<p>Over Gpi Tanks XL Expert in rvs tankbouw on-site Over ons Gpi Tanks XL is een rvs tankbouwer gespecialiseerd in grote rvs en duplex opslagtanks tot 12.000 m\u00b3. Met ruim 30 jaar ervaring ontwerpen, produceren en installeren wij tanks op maat voor toonaangevende bedrijven in o.a. de chemie, bulkopslag en waterindustrie. Bij al onze werkzaamheden [&hellip;]<\/p>\n","protected":false},"author":1,"featured_media":0,"parent":0,"menu_order":0,"comment_status":"closed","ping_status":"closed","template":"elementor_header_footer","meta":{"_acf_changed":false,"footnotes":""},"class_list":["post-104428","page","type-page","status-publish","hentry"],"acf":[],"_links":{"self":[{"href":"https:\/\/gpi-tanksxl.com\/nl\/wp-json\/wp\/v2\/pages\/104428","targetHints":{"allow":["GET"]}}],"collection":[{"href":"https:\/\/gpi-tanksxl.com\/nl\/wp-json\/wp\/v2\/pages"}],"about":[{"href":"https:\/\/gpi-tanksxl.com\/nl\/wp-json\/wp\/v2\/types\/page"}],"author":[{"embeddable":true,"href":"https:\/\/gpi-tanksxl.com\/nl\/wp-json\/wp\/v2\/users\/1"}],"replies":[{"embeddable":true,"href":"https:\/\/gpi-tanksxl.com\/nl\/wp-json\/wp\/v2\/comments?post=104428"}],"version-history":[{"count":62,"href":"https:\/\/gpi-tanksxl.com\/nl\/wp-json\/wp\/v2\/pages\/104428\/revisions"}],"predecessor-version":[{"id":106965,"href":"https:\/\/gpi-tanksxl.com\/nl\/wp-json\/wp\/v2\/pages\/104428\/revisions\/106965"}],"wp:attachment":[{"href":"https:\/\/gpi-tanksxl.com\/nl\/wp-json\/wp\/v2\/media?parent=104428"}],"curies":[{"name":"wp","href":"https:\/\/api.w.org\/{rel}","templated":true}]}}