{"id":106163,"date":"2025-04-07T07:50:16","date_gmt":"2025-04-07T07:50:16","guid":{"rendered":"https:\/\/gpi-tanksxl.com\/sicherheit\/"},"modified":"2025-05-26T08:50:18","modified_gmt":"2025-05-26T08:50:18","slug":"sicherheit","status":"publish","type":"page","link":"https:\/\/gpi-tanksxl.com\/de\/sicherheit\/","title":{"rendered":"Sicherheit"},"content":{"rendered":"\t\t<div data-elementor-type=\"wp-page\" data-elementor-id=\"106163\" class=\"elementor elementor-106163 elementor-104878\" data-elementor-post-type=\"page\">\n\t\t\t\t<div class=\"elementor-element elementor-element-5207e3c7 e-con-full e-flex e-con e-parent\" data-id=\"5207e3c7\" data-element_type=\"container\" data-settings=\"{&quot;background_background&quot;:&quot;gradient&quot;}\">\n\t\t\t\t<div class=\"elementor-element elementor-element-4f0495bd elementor-widget elementor-widget-brandbox\" data-id=\"4f0495bd\" data-element_type=\"widget\" data-widget_type=\"brandbox.default\">\n\t\t\t\t<div class=\"elementor-widget-container\">\n\t\t\t\t\t<div class=\"brandbox\">\n\t<div class=\"brandbox-content\">\n\t\t\t\t\n\t\t\t\t\t<h1 class=\"brandbox-title\">Sicherheit<\/h1>\n\t\t\n\t\t\t\t\t<span class=\"brandbox-subtitle\">Unsere Priorit\u00e4t.<\/span>\n\t\t\t<\/div>\n\n\t<div class=\"brandbox-media\">\n\t\t\t\t\t<img fetchpriority=\"high\" decoding=\"async\" width=\"2560\" height=\"1707\" src=\"https:\/\/gpi-tanksxl.com\/wp-content\/uploads\/2025\/05\/MG_8261-scaled.jpg\" class=\"attachment-full size-full\" alt=\"Ansicht eines Tanklagers mit gro\u00dfen Edelstahltanks, gebaut von Gpi Tanks XL.\" srcset=\"https:\/\/gpi-tanksxl.com\/wp-content\/uploads\/2025\/05\/MG_8261-scaled.jpg 2560w, https:\/\/gpi-tanksxl.com\/wp-content\/uploads\/2025\/05\/MG_8261-300x200.jpg 300w, https:\/\/gpi-tanksxl.com\/wp-content\/uploads\/2025\/05\/MG_8261-1024x683.jpg 1024w, https:\/\/gpi-tanksxl.com\/wp-content\/uploads\/2025\/05\/MG_8261-768x512.jpg 768w, https:\/\/gpi-tanksxl.com\/wp-content\/uploads\/2025\/05\/MG_8261-1536x1024.jpg 1536w, https:\/\/gpi-tanksxl.com\/wp-content\/uploads\/2025\/05\/MG_8261-2048x1365.jpg 2048w\" sizes=\"(max-width: 2560px) 100vw, 2560px\" \/>\t\t\t<\/div> \n<\/div>\n\n\t\t\t\t<\/div>\n\t\t\t\t<\/div>\n\t\t\t\t<\/div>\n\t\t<div class=\"elementor-element elementor-element-2995bafc e-flex e-con-boxed e-con e-parent\" data-id=\"2995bafc\" data-element_type=\"container\" data-settings=\"{&quot;background_background&quot;:&quot;gradient&quot;}\">\n\t\t\t\t\t<div class=\"e-con-inner\">\n\t\t<div class=\"elementor-element elementor-element-6932c1aa e-con-full e-flex e-con e-child\" data-id=\"6932c1aa\" data-element_type=\"container\">\n\t\t\t\t<div class=\"elementor-element elementor-element-2babb2a1 elementor-widget elementor-widget-text-editor\" data-id=\"2babb2a1\" data-element_type=\"widget\" data-widget_type=\"text-editor.default\">\n\t\t\t\t<div class=\"elementor-widget-container\">\n\t\t\t\t\t\t\t\t\t<p>Bei Gpi Tanks XL hat Sicherheit immer oberste Priorit\u00e4t. Wir betrachten Sicherheit als einen integralen Bestandteil der Ausf\u00fchrung unserer Projekte, von der Verkaufsphase bis zur Umsetzung. Wir befolgen strikte Sicherheitsstandards und -protokolle, um sicherzustellen, dass unsere Mitarbeiter, Subunternehmer und Kunden in einer sicheren Umgebung arbeiten k\u00f6nnen.   <\/p>\t\t\t\t\t\t\t\t<\/div>\n\t\t\t\t<\/div>\n\t\t\t\t<\/div>\n\t\t<div class=\"elementor-element elementor-element-677423fa e-con-full e-flex e-con e-child\" data-id=\"677423fa\" data-element_type=\"container\">\n\t\t\t\t<div class=\"elementor-element elementor-element-65ba4ef9 elementor-widget elementor-widget-overlap-cta\" data-id=\"65ba4ef9\" data-element_type=\"widget\" data-widget_type=\"overlap-cta.default\">\n\t\t\t\t<div class=\"elementor-widget-container\">\n\t\t\t\t\t<div class=\"overlap-cta \">\n    <div class=\"overlap-cta-content\">\n                    <h2>ISO 45001<\/h2>\n        \n                    <p>Wir sind nach ISO 45001 zertifiziert, einer internationalen Norm f\u00fcr Gesundheit und Sicherheit am Arbeitsplatz. Wir schaffen eine Arbeitsumgebung, in der Risiken minimiert und die Sicherheit kontinuierlich verbessert wird. <\/p>\n        \n            <\/div>\n\n    <div class=\"overlap-cta-image\"><\/div>\n<\/div>\t\t\t\t<\/div>\n\t\t\t\t<\/div>\n\t\t\t\t<\/div>\n\t\t\t\t\t<\/div>\n\t\t\t\t<\/div>\n\t\t<div class=\"elementor-element elementor-element-2d515261 e-flex e-con-boxed e-con e-parent\" data-id=\"2d515261\" data-element_type=\"container\">\n\t\t\t\t\t<div class=\"e-con-inner\">\n\t\t<div class=\"elementor-element elementor-element-65989d46 e-con-full e-flex e-con e-child\" data-id=\"65989d46\" data-element_type=\"container\">\n\t\t\t\t<div class=\"elementor-element elementor-element-1aa18981 elementor-widget elementor-widget-image\" data-id=\"1aa18981\" data-element_type=\"widget\" data-widget_type=\"image.default\">\n\t\t\t\t<div class=\"elementor-widget-container\">\n\t\t\t\t\t\t\t\t\t\t\t\t\t\t\t<img decoding=\"async\" width=\"2100\" height=\"1400\" src=\"https:\/\/gpi-tanksxl.com\/wp-content\/uploads\/2025\/04\/MG_3056.jpg\" class=\"attachment-full size-full wp-image-105156\" alt=\"Kwaliteitsinspecteur voert een nauwkeurige meting uit op een rvs tank van Gpi Tanks XL.\" srcset=\"https:\/\/gpi-tanksxl.com\/wp-content\/uploads\/2025\/04\/MG_3056.jpg 2100w, https:\/\/gpi-tanksxl.com\/wp-content\/uploads\/2025\/04\/MG_3056-300x200.jpg 300w, https:\/\/gpi-tanksxl.com\/wp-content\/uploads\/2025\/04\/MG_3056-1024x683.jpg 1024w, https:\/\/gpi-tanksxl.com\/wp-content\/uploads\/2025\/04\/MG_3056-768x512.jpg 768w, https:\/\/gpi-tanksxl.com\/wp-content\/uploads\/2025\/04\/MG_3056-1536x1024.jpg 1536w, https:\/\/gpi-tanksxl.com\/wp-content\/uploads\/2025\/04\/MG_3056-2048x1365.jpg 2048w\" sizes=\"(max-width: 2100px) 100vw, 2100px\" \/>\t\t\t\t\t\t\t\t\t\t\t\t\t\t\t<\/div>\n\t\t\t\t<\/div>\n\t\t\t\t<\/div>\n\t\t<div class=\"elementor-element elementor-element-38d50ec6 e-con-full e-flex e-con e-child\" data-id=\"38d50ec6\" data-element_type=\"container\">\n\t\t\t\t<div class=\"elementor-element elementor-element-2bfea77e elementor-widget elementor-widget-heading\" data-id=\"2bfea77e\" data-element_type=\"widget\" data-widget_type=\"heading.default\">\n\t\t\t\t<div class=\"elementor-widget-container\">\n\t\t\t\t\t<h2 class=\"elementor-heading-title elementor-size-default\">Qualifizierte Fachkr\u00e4fte<\/h2>\t\t\t\t<\/div>\n\t\t\t\t<\/div>\n\t\t\t\t<div class=\"elementor-element elementor-element-7d4bc1eb elementor-widget elementor-widget-text-editor\" data-id=\"7d4bc1eb\" data-element_type=\"widget\" data-widget_type=\"text-editor.default\">\n\t\t\t\t<div class=\"elementor-widget-container\">\n\t\t\t\t\t\t\t\t\t<p>Unsere Projektmanager, Supervisoren und Produktionsmitarbeiter verf\u00fcgen \u00fcber die erforderlichen Zertifikate, Kenntnisse und Erfahrungen, um ihre Arbeit fachgerecht und sicher auszuf\u00fchren.<\/p><p>Um das Sicherheitsbewusstsein hoch zu halten, organisieren wir regelm\u00e4\u00dfige Toolboxen zu relevanten Sicherheitsthemen f\u00fcr unsere Teams.<\/p>\t\t\t\t\t\t\t\t<\/div>\n\t\t\t\t<\/div>\n\t\t\t\t<\/div>\n\t\t\t\t\t<\/div>\n\t\t\t\t<\/div>\n\t\t<div class=\"elementor-element elementor-element-c3c238e e-flex e-con-boxed e-con e-parent\" data-id=\"c3c238e\" data-element_type=\"container\">\n\t\t\t\t\t<div class=\"e-con-inner\">\n\t\t<div class=\"elementor-element elementor-element-1390076 e-con-full e-flex e-con e-child\" data-id=\"1390076\" data-element_type=\"container\">\n\t\t\t\t<div class=\"elementor-element elementor-element-eec2447 elementor-widget elementor-widget-image\" data-id=\"eec2447\" data-element_type=\"widget\" data-widget_type=\"image.default\">\n\t\t\t\t<div class=\"elementor-widget-container\">\n\t\t\t\t\t\t\t\t\t\t\t\t\t\t\t<img decoding=\"async\" width=\"1600\" height=\"1067\" src=\"https:\/\/gpi-tanksxl.com\/wp-content\/uploads\/2025\/04\/MG_8398-1.jpg\" class=\"attachment-full size-full wp-image-104927\" alt=\"Een grote rvs tank wordt met een kraan gehesen, terwijl een medewerker met geel hesje en veiligheidshelm toezicht houdt.\" srcset=\"https:\/\/gpi-tanksxl.com\/wp-content\/uploads\/2025\/04\/MG_8398-1.jpg 1600w, https:\/\/gpi-tanksxl.com\/wp-content\/uploads\/2025\/04\/MG_8398-1-300x200.jpg 300w, https:\/\/gpi-tanksxl.com\/wp-content\/uploads\/2025\/04\/MG_8398-1-1024x683.jpg 1024w, https:\/\/gpi-tanksxl.com\/wp-content\/uploads\/2025\/04\/MG_8398-1-768x512.jpg 768w, https:\/\/gpi-tanksxl.com\/wp-content\/uploads\/2025\/04\/MG_8398-1-1536x1024.jpg 1536w\" sizes=\"(max-width: 1600px) 100vw, 1600px\" \/>\t\t\t\t\t\t\t\t\t\t\t\t\t\t\t<\/div>\n\t\t\t\t<\/div>\n\t\t\t\t<\/div>\n\t\t<div class=\"elementor-element elementor-element-b143309 e-con-full e-flex e-con e-child\" data-id=\"b143309\" data-element_type=\"container\">\n\t\t\t\t<div class=\"elementor-element elementor-element-8c3221a elementor-widget elementor-widget-heading\" data-id=\"8c3221a\" data-element_type=\"widget\" data-widget_type=\"heading.default\">\n\t\t\t\t<div class=\"elementor-widget-container\">\n\t\t\t\t\t<h2 class=\"elementor-heading-title elementor-size-default\">Vorbereitung und Risikoanalyse<\/h2>\t\t\t\t<\/div>\n\t\t\t\t<\/div>\n\t\t\t\t<div class=\"elementor-element elementor-element-b616d51 elementor-widget elementor-widget-text-editor\" data-id=\"b616d51\" data-element_type=\"widget\" data-widget_type=\"text-editor.default\">\n\t\t\t\t<div class=\"elementor-widget-container\">\n\t\t\t\t\t\t\t\t\t<p>F\u00fcr jedes Projekt f\u00fchren wir eine umfassende Arbeitsvorbereitung und Risikobewertung durch. Dies umfasst ein V&amp;H-Plan, TRA oder RAMS, je nach Standort und Komplexit\u00e4t der Arbeiten. <\/p><p>Das Projektteam wird dabei von einem Team interner HSE-Spezialisten unterst\u00fctzt. Zudem f\u00fchren die HSE-Spezialisten regelm\u00e4\u00dfige Arbeitsplatzinspektionen durch, um das Sicherheitsbewusstsein zu gew\u00e4hrleisten. <\/p><p>Jedes Projekt beginnt mit einer gemeinsamen Besprechung vor Ort. W\u00e4hrend dieses Kick-off-Meetings treffen wir klare Sicherheitsvereinbarungen innerhalb des Teams. <\/p>\t\t\t\t\t\t\t\t<\/div>\n\t\t\t\t<\/div>\n\t\t\t\t<\/div>\n\t\t\t\t\t<\/div>\n\t\t\t\t<\/div>\n\t\t<div class=\"elementor-element elementor-element-f19ae54 e-flex e-con-boxed e-con e-parent\" data-id=\"f19ae54\" data-element_type=\"container\">\n\t\t\t\t\t<div class=\"e-con-inner\">\n\t\t<div class=\"elementor-element elementor-element-6c19f63 e-con-full e-flex e-con e-child\" data-id=\"6c19f63\" data-element_type=\"container\">\n\t\t\t\t<div class=\"elementor-element elementor-element-742063d elementor-widget elementor-widget-image\" data-id=\"742063d\" data-element_type=\"widget\" data-widget_type=\"image.default\">\n\t\t\t\t<div class=\"elementor-widget-container\">\n\t\t\t\t\t\t\t\t\t\t\t\t\t\t\t<img loading=\"lazy\" decoding=\"async\" width=\"1850\" height=\"1065\" src=\"https:\/\/gpi-tanksxl.com\/wp-content\/uploads\/2025\/03\/Gpi-tanks-multiple.png\" class=\"attachment-full size-full wp-image-105035\" alt=\"Bouwplaats waar Gpi Tanks XL meerdere rvs opslagtanks tegelijk realiseert.\" srcset=\"https:\/\/gpi-tanksxl.com\/wp-content\/uploads\/2025\/03\/Gpi-tanks-multiple.png 1850w, https:\/\/gpi-tanksxl.com\/wp-content\/uploads\/2025\/03\/Gpi-tanks-multiple-300x173.png 300w, https:\/\/gpi-tanksxl.com\/wp-content\/uploads\/2025\/03\/Gpi-tanks-multiple-1024x589.png 1024w, https:\/\/gpi-tanksxl.com\/wp-content\/uploads\/2025\/03\/Gpi-tanks-multiple-768x442.png 768w, https:\/\/gpi-tanksxl.com\/wp-content\/uploads\/2025\/03\/Gpi-tanks-multiple-1536x884.png 1536w\" sizes=\"(max-width: 1850px) 100vw, 1850px\" \/>\t\t\t\t\t\t\t\t\t\t\t\t\t\t\t<\/div>\n\t\t\t\t<\/div>\n\t\t\t\t<\/div>\n\t\t<div class=\"elementor-element elementor-element-2627747 e-con-full e-flex e-con e-child\" data-id=\"2627747\" data-element_type=\"container\">\n\t\t\t\t<div class=\"elementor-element elementor-element-1c676a9 elementor-widget elementor-widget-heading\" data-id=\"1c676a9\" data-element_type=\"widget\" data-widget_type=\"heading.default\">\n\t\t\t\t<div class=\"elementor-widget-container\">\n\t\t\t\t\t<h2 class=\"elementor-heading-title elementor-size-default\">Sicherheit an jedem Standort\n<\/h2>\t\t\t\t<\/div>\n\t\t\t\t<\/div>\n\t\t\t\t<div class=\"elementor-element elementor-element-5e9d26c elementor-widget elementor-widget-text-editor\" data-id=\"5e9d26c\" data-element_type=\"widget\" data-widget_type=\"text-editor.default\">\n\t\t\t\t<div class=\"elementor-widget-container\">\n\t\t\t\t\t\t\t\t\t<p class=\"x_MsoNormal\"><span lang=\"NL\" data-olk-copy-source=\"MessageBody\">Egal, ob es sich um eine Fabrik im Vereinigten K\u00f6nigreich oder einen Produktionsstandort in D\u00e4nemark handelt \u2013 wir sorgen \u00fcberall f\u00fcr eine sichere Arbeitsumgebung. Dabei ber\u00fccksichtigen wir stets die lokalen Gesetze und Vorschriften. <\/span><\/p><p class=\"x_MsoNormal\"><span lang=\"NL\" data-olk-copy-source=\"MessageBody\">Um die <span class=\"markvdd541y1c\" data-markjs=\"true\" data-ogac=\"\" data-ogab=\"\" data-ogsc=\"\" data-ogsb=\"\">Sicherheit<\/span> auf unseren Baustellen zu gew\u00e4hrleisten, arbeiten wir nach klaren und bew\u00e4hrten Verfahren. Diese Vorgehensweise sorgt f\u00fcr Struktur, \u00dcbersicht und minimiert Risiken w\u00e4hrend der Durchf\u00fchrung unserer Arbeiten. <\/span><\/p>\t\t\t\t\t\t\t\t<\/div>\n\t\t\t\t<\/div>\n\t\t\t\t<\/div>\n\t\t\t\t\t<\/div>\n\t\t\t\t<\/div>\n\t\t<div class=\"elementor-element elementor-element-23f9fdb0 e-flex e-con-boxed e-con e-parent\" data-id=\"23f9fdb0\" data-element_type=\"container\">\n\t\t\t\t\t<div class=\"e-con-inner\">\n\t\t<div class=\"elementor-element elementor-element-1339301c e-con-full e-flex e-con e-child\" data-id=\"1339301c\" data-element_type=\"container\">\n\t\t\t\t<div class=\"elementor-element elementor-element-68394340 elementor-widget elementor-widget-image\" data-id=\"68394340\" data-element_type=\"widget\" data-widget_type=\"image.default\">\n\t\t\t\t<div class=\"elementor-widget-container\">\n\t\t\t\t\t\t\t\t\t\t\t\t\t\t\t<img loading=\"lazy\" decoding=\"async\" width=\"1600\" height=\"1067\" src=\"https:\/\/gpi-tanksxl.com\/wp-content\/uploads\/2025\/04\/MG_8456.jpg\" class=\"attachment-full size-full wp-image-104923\" alt=\"Lasser werkt veilig aan een roestvaststalen tank, volledig uitgerust met persoonlijke beschermingsmiddelen (PBM\u2019s).\" srcset=\"https:\/\/gpi-tanksxl.com\/wp-content\/uploads\/2025\/04\/MG_8456.jpg 1600w, https:\/\/gpi-tanksxl.com\/wp-content\/uploads\/2025\/04\/MG_8456-300x200.jpg 300w, https:\/\/gpi-tanksxl.com\/wp-content\/uploads\/2025\/04\/MG_8456-1024x683.jpg 1024w, https:\/\/gpi-tanksxl.com\/wp-content\/uploads\/2025\/04\/MG_8456-768x512.jpg 768w, https:\/\/gpi-tanksxl.com\/wp-content\/uploads\/2025\/04\/MG_8456-1536x1024.jpg 1536w\" sizes=\"(max-width: 1600px) 100vw, 1600px\" \/>\t\t\t\t\t\t\t\t\t\t\t\t\t\t\t<\/div>\n\t\t\t\t<\/div>\n\t\t\t\t<\/div>\n\t\t<div class=\"elementor-element elementor-element-47f45cce e-con-full e-flex e-con e-child\" data-id=\"47f45cce\" data-element_type=\"container\">\n\t\t\t\t<div class=\"elementor-element elementor-element-2cf1a873 elementor-widget elementor-widget-heading\" data-id=\"2cf1a873\" data-element_type=\"widget\" data-widget_type=\"heading.default\">\n\t\t\t\t<div class=\"elementor-widget-container\">\n\t\t\t\t\t<h2 class=\"elementor-heading-title elementor-size-default\">Pers\u00f6nliche Schutzausr\u00fcstung<\/h2>\t\t\t\t<\/div>\n\t\t\t\t<\/div>\n\t\t\t\t<div class=\"elementor-element elementor-element-d060934 elementor-widget elementor-widget-text-editor\" data-id=\"d060934\" data-element_type=\"widget\" data-widget_type=\"text-editor.default\">\n\t\t\t\t<div class=\"elementor-widget-container\">\n\t\t\t\t\t\t\t\t\t<p>Wir stellen sicher, dass alle Mitarbeiter und Partner die richtigen pers\u00f6nlichen Schutzausr\u00fcstungen (PSA) verwenden, um Risiken zu minimieren. <\/p>\t\t\t\t\t\t\t\t<\/div>\n\t\t\t\t<\/div>\n\t\t\t\t<\/div>\n\t\t\t\t\t<\/div>\n\t\t\t\t<\/div>\n\t\t<div class=\"elementor-element elementor-element-6778683 e-flex e-con-boxed e-con e-parent\" data-id=\"6778683\" data-element_type=\"container\">\n\t\t\t\t\t<div class=\"e-con-inner\">\n\t\t<div class=\"elementor-element elementor-element-6e9555b e-con-full e-flex e-con e-child\" data-id=\"6e9555b\" data-element_type=\"container\">\n\t\t\t\t<div class=\"elementor-element elementor-element-22f94e5 elementor-widget elementor-widget-image\" data-id=\"22f94e5\" data-element_type=\"widget\" data-widget_type=\"image.default\">\n\t\t\t\t<div class=\"elementor-widget-container\">\n\t\t\t\t\t\t\t\t\t\t\t\t\t\t\t<img loading=\"lazy\" decoding=\"async\" width=\"2560\" height=\"1920\" src=\"https:\/\/gpi-tanksxl.com\/wp-content\/uploads\/2025\/03\/DJI_0521-scaled.jpg\" class=\"attachment-full size-full wp-image-105008\" alt=\"Binnenlocatie waar Gpi Tanks XL meerdere rvs opslagtanks gelijktijdig bouwt met gebruik van moderne technologie\u00ebn.\" srcset=\"https:\/\/gpi-tanksxl.com\/wp-content\/uploads\/2025\/03\/DJI_0521-scaled.jpg 2560w, https:\/\/gpi-tanksxl.com\/wp-content\/uploads\/2025\/03\/DJI_0521-300x225.jpg 300w, https:\/\/gpi-tanksxl.com\/wp-content\/uploads\/2025\/03\/DJI_0521-1024x768.jpg 1024w, https:\/\/gpi-tanksxl.com\/wp-content\/uploads\/2025\/03\/DJI_0521-768x576.jpg 768w, https:\/\/gpi-tanksxl.com\/wp-content\/uploads\/2025\/03\/DJI_0521-1536x1152.jpg 1536w, https:\/\/gpi-tanksxl.com\/wp-content\/uploads\/2025\/03\/DJI_0521-2048x1536.jpg 2048w\" sizes=\"(max-width: 2560px) 100vw, 2560px\" \/>\t\t\t\t\t\t\t\t\t\t\t\t\t\t\t<\/div>\n\t\t\t\t<\/div>\n\t\t\t\t<\/div>\n\t\t<div class=\"elementor-element elementor-element-6e90944 e-con-full e-flex e-con e-child\" data-id=\"6e90944\" data-element_type=\"container\">\n\t\t\t\t<div class=\"elementor-element elementor-element-d29bff3 elementor-widget elementor-widget-heading\" data-id=\"d29bff3\" data-element_type=\"widget\" data-widget_type=\"heading.default\">\n\t\t\t\t<div class=\"elementor-widget-container\">\n\t\t\t\t\t<h2 class=\"elementor-heading-title elementor-size-default\">Arbeiten mit den neuesten Technologien\n<\/h2>\t\t\t\t<\/div>\n\t\t\t\t<\/div>\n\t\t\t\t<div class=\"elementor-element elementor-element-820fb27 elementor-widget elementor-widget-text-editor\" data-id=\"820fb27\" data-element_type=\"widget\" data-widget_type=\"text-editor.default\">\n\t\t\t\t<div class=\"elementor-widget-container\">\n\t\t\t\t\t\t\t\t\t<p class=\"x_MsoNormal\">Bei Gpi Tanks XL setzen wir moderne Technologien und innovative Hilfsmittel ein, um unsere Arbeit effizienter, pr\u00e4ziser und vor allem sicherer auszuf\u00fchren. Dazu geh\u00f6ren digitale Arbeitsvorbereitung, 3D-Scanning, fortschrittliche Hebepl\u00e4ne und intelligente Messinstrumente. So bleiben wir in Bezug auf Sicherheit und Qualit\u00e4t stets f\u00fchrend.  <\/p>\t\t\t\t\t\t\t\t<\/div>\n\t\t\t\t<\/div>\n\t\t\t\t<\/div>\n\t\t\t\t\t<\/div>\n\t\t\t\t<\/div>\n\t\t<div class=\"elementor-element elementor-element-fabe88e e-flex e-con-boxed e-con e-parent\" data-id=\"fabe88e\" data-element_type=\"container\">\n\t\t\t\t\t<div class=\"e-con-inner\">\n\t\t<div class=\"elementor-element elementor-element-426fa75b e-con-full e-flex e-con e-child\" data-id=\"426fa75b\" data-element_type=\"container\">\n\t\t\t\t<div class=\"elementor-element elementor-element-2fb5964f elementor-widget elementor-widget-image\" data-id=\"2fb5964f\" data-element_type=\"widget\" data-widget_type=\"image.default\">\n\t\t\t\t<div class=\"elementor-widget-container\">\n\t\t\t\t\t\t\t\t\t\t\t\t\t\t\t<img loading=\"lazy\" decoding=\"async\" width=\"2100\" height=\"1400\" src=\"https:\/\/gpi-tanksxl.com\/wp-content\/uploads\/2025\/05\/MG_4415-v2.jpg\" class=\"attachment-full size-full wp-image-106112\" alt=\"Ladeanschluss mit Stecker eines Elektroautos bei Gpi Tanks &amp; Process Equipment.\" srcset=\"https:\/\/gpi-tanksxl.com\/wp-content\/uploads\/2025\/05\/MG_4415-v2.jpg 2100w, https:\/\/gpi-tanksxl.com\/wp-content\/uploads\/2025\/05\/MG_4415-v2-300x200.jpg 300w, https:\/\/gpi-tanksxl.com\/wp-content\/uploads\/2025\/05\/MG_4415-v2-1024x683.jpg 1024w, https:\/\/gpi-tanksxl.com\/wp-content\/uploads\/2025\/05\/MG_4415-v2-768x512.jpg 768w, https:\/\/gpi-tanksxl.com\/wp-content\/uploads\/2025\/05\/MG_4415-v2-1536x1024.jpg 1536w, https:\/\/gpi-tanksxl.com\/wp-content\/uploads\/2025\/05\/MG_4415-v2-2048x1365.jpg 2048w\" sizes=\"(max-width: 2100px) 100vw, 2100px\" \/>\t\t\t\t\t\t\t\t\t\t\t\t\t\t\t<\/div>\n\t\t\t\t<\/div>\n\t\t\t\t<\/div>\n\t\t<div class=\"elementor-element elementor-element-1e9a364b e-con-full e-flex e-con e-child\" data-id=\"1e9a364b\" data-element_type=\"container\">\n\t\t\t\t<div class=\"elementor-element elementor-element-734da577 elementor-widget elementor-widget-heading\" data-id=\"734da577\" data-element_type=\"widget\" data-widget_type=\"heading.default\">\n\t\t\t\t<div class=\"elementor-widget-container\">\n\t\t\t\t\t<h2 class=\"elementor-heading-title elementor-size-default\">Sicherheit, Qualit\u00e4t und Nachhaltigkeit<\/h2>\t\t\t\t<\/div>\n\t\t\t\t<\/div>\n\t\t\t\t<div class=\"elementor-element elementor-element-6f2ab262 elementor-widget elementor-widget-text-editor\" data-id=\"6f2ab262\" data-element_type=\"widget\" data-widget_type=\"text-editor.default\">\n\t\t\t\t<div class=\"elementor-widget-container\">\n\t\t\t\t\t\t\t\t\t<p>Sicherheit, Qualit\u00e4t und Nachhaltigkeit sind wesentliche Bestandteile unserer Unternehmensf\u00fchrung. Dies erm\u00f6glicht es uns, zuverl\u00e4ssige, nachhaltige und hochwertige L\u00f6sungen f\u00fcr unsere Kunden weltweit zu liefern. <\/p>\t\t\t\t\t\t\t\t<\/div>\n\t\t\t\t<\/div>\n\t\t\t\t<div class=\"elementor-element elementor-element-7b359bed elementor-widget elementor-widget-gpi-button\" data-id=\"7b359bed\" data-element_type=\"widget\" data-widget_type=\"gpi-button.default\">\n\t\t\t\t<div class=\"elementor-widget-container\">\n\t\t\t\t\t\n\t\t<div class=\"gpi-button \">\n\t\t\t<a href=\"https:\/\/gpi-tanksxl.com\/de\/qualitaet\/\" id=\"\">\n\t\t\t\t\t\t\t\t\t<span>Qualit\u00e4t<\/span>\n\t\t\t\t\n\t\t\t\t<!-- Icon -->\n\t\t\t\t<div class=\"gpi-button-icon right\">\n\t\t\t\t\t<svg width=\"17\" height=\"16\" viewBox=\"0 0 17 16\" fill=\"none\" xmlns=\"http:\/\/www.w3.org\/2000\/svg\" class=\"inner-arrow\">\n\t\t\t\t\t\t<path d=\"M8.60352 0L7.19352 1.41L12.7735 7H0.603516V9H12.7735L7.19352 14.59L8.60352 16L16.6035 8L8.60352 0Z\" fill=\"#00A799\"\/>\n\t\t\t\t\t<\/svg>\n\n\t\t\t\t\t<svg width=\"52\" height=\"52\" class=\"outer-circle\">\n\t\t\t\t\t\t<circle cx=\"26\" cy=\"26\" r=\"24\" stroke=\"#e1e1e1\" stroke-width=\"1\" fill-opacity=\"0\"><\/circle>\n\t\t\t\t\t\t<circle class=\"circle\" cx=\"26\" cy=\"26\" r=\"24\" stroke=\"#00a799\" fill=\"#fff\" stroke-width=\"3\"><\/circle>\n\t\t\t\t\t<\/svg>\n\t\t\t\t<\/div>\n\t\t\t<\/a>\n\t\t<\/div>\n\n\t\t\t\t\t\t<\/div>\n\t\t\t\t<\/div>\n\t\t\t\t<div class=\"elementor-element elementor-element-b939f24 elementor-widget elementor-widget-gpi-button\" data-id=\"b939f24\" data-element_type=\"widget\" data-widget_type=\"gpi-button.default\">\n\t\t\t\t<div class=\"elementor-widget-container\">\n\t\t\t\t\t\n\t\t<div class=\"gpi-button \">\n\t\t\t<a href=\"https:\/\/gpi-tanksxl.com\/de\/nachhaltigkeit\/\" id=\"\">\n\t\t\t\t\t\t\t\t\t<span>Nachhaltigkeit<\/span>\n\t\t\t\t\n\t\t\t\t<!-- Icon -->\n\t\t\t\t<div class=\"gpi-button-icon right\">\n\t\t\t\t\t<svg width=\"17\" height=\"16\" viewBox=\"0 0 17 16\" fill=\"none\" xmlns=\"http:\/\/www.w3.org\/2000\/svg\" class=\"inner-arrow\">\n\t\t\t\t\t\t<path d=\"M8.60352 0L7.19352 1.41L12.7735 7H0.603516V9H12.7735L7.19352 14.59L8.60352 16L16.6035 8L8.60352 0Z\" fill=\"#00A799\"\/>\n\t\t\t\t\t<\/svg>\n\n\t\t\t\t\t<svg width=\"52\" height=\"52\" class=\"outer-circle\">\n\t\t\t\t\t\t<circle cx=\"26\" cy=\"26\" r=\"24\" stroke=\"#e1e1e1\" stroke-width=\"1\" fill-opacity=\"0\"><\/circle>\n\t\t\t\t\t\t<circle class=\"circle\" cx=\"26\" cy=\"26\" r=\"24\" stroke=\"#00a799\" fill=\"#fff\" stroke-width=\"3\"><\/circle>\n\t\t\t\t\t<\/svg>\n\t\t\t\t<\/div>\n\t\t\t<\/a>\n\t\t<\/div>\n\n\t\t\t\t\t\t<\/div>\n\t\t\t\t<\/div>\n\t\t\t\t<\/div>\n\t\t\t\t\t<\/div>\n\t\t\t\t<\/div>\n\t\t\t\t<\/div>\n\t\t","protected":false},"excerpt":{"rendered":"<p>Sicherheit Unsere Priorit\u00e4t. Bei Gpi Tanks XL hat Sicherheit immer oberste Priorit\u00e4t. Wir betrachten Sicherheit als einen integralen Bestandteil der Ausf\u00fchrung unserer Projekte, von der Verkaufsphase bis zur Umsetzung. Wir befolgen strikte Sicherheitsstandards und -protokolle, um sicherzustellen, dass unsere Mitarbeiter, Subunternehmer und Kunden in einer sicheren Umgebung arbeiten k\u00f6nnen. ISO 45001 Wir sind nach ISO [&hellip;]<\/p>\n","protected":false},"author":7,"featured_media":0,"parent":0,"menu_order":0,"comment_status":"closed","ping_status":"closed","template":"elementor_header_footer","meta":{"_acf_changed":false,"footnotes":""},"class_list":["post-106163","page","type-page","status-publish","hentry"],"acf":[],"_links":{"self":[{"href":"https:\/\/gpi-tanksxl.com\/de\/wp-json\/wp\/v2\/pages\/106163","targetHints":{"allow":["GET"]}}],"collection":[{"href":"https:\/\/gpi-tanksxl.com\/de\/wp-json\/wp\/v2\/pages"}],"about":[{"href":"https:\/\/gpi-tanksxl.com\/de\/wp-json\/wp\/v2\/types\/page"}],"author":[{"embeddable":true,"href":"https:\/\/gpi-tanksxl.com\/de\/wp-json\/wp\/v2\/users\/7"}],"replies":[{"embeddable":true,"href":"https:\/\/gpi-tanksxl.com\/de\/wp-json\/wp\/v2\/comments?post=106163"}],"version-history":[{"count":25,"href":"https:\/\/gpi-tanksxl.com\/de\/wp-json\/wp\/v2\/pages\/106163\/revisions"}],"predecessor-version":[{"id":106993,"href":"https:\/\/gpi-tanksxl.com\/de\/wp-json\/wp\/v2\/pages\/106163\/revisions\/106993"}],"wp:attachment":[{"href":"https:\/\/gpi-tanksxl.com\/de\/wp-json\/wp\/v2\/media?parent=106163"}],"curies":[{"name":"wp","href":"https:\/\/api.w.org\/{rel}","templated":true}]}}