{"id":106144,"date":"2025-04-07T08:39:06","date_gmt":"2025-04-07T08:39:06","guid":{"rendered":"https:\/\/gpi-tanksxl.com\/nachhaltigkeit\/"},"modified":"2025-05-26T09:13:53","modified_gmt":"2025-05-26T09:13:53","slug":"nachhaltigkeit","status":"publish","type":"page","link":"https:\/\/gpi-tanksxl.com\/de\/nachhaltigkeit\/","title":{"rendered":"Nachhaltigkeit"},"content":{"rendered":"\t\t<div data-elementor-type=\"wp-page\" data-elementor-id=\"106144\" class=\"elementor elementor-106144 elementor-104972\" data-elementor-post-type=\"page\">\n\t\t\t\t<div class=\"elementor-element elementor-element-3b15bcfd e-con-full e-flex e-con e-parent\" data-id=\"3b15bcfd\" data-element_type=\"container\" data-settings=\"{&quot;background_background&quot;:&quot;gradient&quot;}\">\n\t\t\t\t<div class=\"elementor-element elementor-element-36a89b72 elementor-widget elementor-widget-brandbox\" data-id=\"36a89b72\" data-element_type=\"widget\" data-widget_type=\"brandbox.default\">\n\t\t\t\t<div class=\"elementor-widget-container\">\n\t\t\t\t\t<div class=\"brandbox\">\n\t<div class=\"brandbox-content\">\n\t\t\t\t\n\t\t\t\t\t<h1 class=\"brandbox-title\">Nachhaltigkeit<\/h1>\n\t\t\n\t\t\t\t\t<span class=\"brandbox-subtitle\">Unsere Zukunft.<\/span>\n\t\t\t<\/div>\n\n\t<div class=\"brandbox-media\">\n\t\t\t\t\t<img fetchpriority=\"high\" decoding=\"async\" width=\"2560\" height=\"1334\" src=\"https:\/\/gpi-tanksxl.com\/wp-content\/uploads\/2025\/02\/GPI_Sustainability_ENG-1.png\" class=\"attachment-full size-full\" alt=\"Baustelle von zwei gro\u00dfen Edelstahltanks.\" srcset=\"https:\/\/gpi-tanksxl.com\/wp-content\/uploads\/2025\/02\/GPI_Sustainability_ENG-1.png 2560w, https:\/\/gpi-tanksxl.com\/wp-content\/uploads\/2025\/02\/GPI_Sustainability_ENG-1-300x156.png 300w, https:\/\/gpi-tanksxl.com\/wp-content\/uploads\/2025\/02\/GPI_Sustainability_ENG-1-1024x534.png 1024w, https:\/\/gpi-tanksxl.com\/wp-content\/uploads\/2025\/02\/GPI_Sustainability_ENG-1-768x400.png 768w, https:\/\/gpi-tanksxl.com\/wp-content\/uploads\/2025\/02\/GPI_Sustainability_ENG-1-1536x800.png 1536w, https:\/\/gpi-tanksxl.com\/wp-content\/uploads\/2025\/02\/GPI_Sustainability_ENG-1-2048x1067.png 2048w\" sizes=\"(max-width: 2560px) 100vw, 2560px\" \/>\t\t\t<\/div> \n<\/div>\n\n\t\t\t\t<\/div>\n\t\t\t\t<\/div>\n\t\t\t\t<\/div>\n\t\t<div class=\"elementor-element elementor-element-2fd8efa e-flex e-con-boxed e-con e-parent\" data-id=\"2fd8efa\" data-element_type=\"container\" data-settings=\"{&quot;background_background&quot;:&quot;gradient&quot;}\">\n\t\t\t\t\t<div class=\"e-con-inner\">\n\t\t<div class=\"elementor-element elementor-element-703cd055 e-con-full e-flex e-con e-child\" data-id=\"703cd055\" data-element_type=\"container\">\n\t\t\t\t<div class=\"elementor-element elementor-element-7e245302 elementor-widget elementor-widget-heading\" data-id=\"7e245302\" data-element_type=\"widget\" data-widget_type=\"heading.default\">\n\t\t\t\t<div class=\"elementor-widget-container\">\n\t\t\t\t\t<h2 class=\"elementor-heading-title elementor-size-default\">\u00dcber uns<\/h2>\t\t\t\t<\/div>\n\t\t\t\t<\/div>\n\t\t\t\t<div class=\"elementor-element elementor-element-787f6705 elementor-widget elementor-widget-text-editor\" data-id=\"787f6705\" data-element_type=\"widget\" data-widget_type=\"text-editor.default\">\n\t\t\t\t<div class=\"elementor-widget-container\">\n\t\t\t\t\t\t\t\t\t<p>Bei Gpi Tanks XL glauben wir an nachhaltiges und verantwortungsbewusstes Wirtschaften. Unser Ziel ist es, nicht nur profitabel und wachsend zu sein, sondern auch einen positiven Beitrag zur Gesellschaft zu leisten und unsere Umweltbelastung zu minimieren. Dies erreichen wir, indem wir bewusste Entscheidungen in der Materialnutzung, im Energieverbrauch und in der Personalpolitik treffen.<\/p>\t\t\t\t\t\t\t\t<\/div>\n\t\t\t\t<\/div>\n\t\t\t\t<\/div>\n\t\t<div class=\"elementor-element elementor-element-263d6985 e-con-full e-flex e-con e-child\" data-id=\"263d6985\" data-element_type=\"container\">\n\t\t\t\t<div class=\"elementor-element elementor-element-1a27e766 elementor-widget elementor-widget-overlap-cta\" data-id=\"1a27e766\" data-element_type=\"widget\" data-widget_type=\"overlap-cta.default\">\n\t\t\t\t<div class=\"elementor-widget-container\">\n\t\t\t\t\t<div class=\"overlap-cta \">\n    <div class=\"overlap-cta-content\">\n                    <h2>Nachhaltige Materialnutzung<\/h2>\n        \n                    <p>Als Hersteller von Gro\u00dfstahlbeh\u00e4ltern aus Edelstahl nutzen wir Edelstahl aufgrund seiner au\u00dfergew\u00f6hnlichen Haltbarkeit, Recycelbarkeit und geringen Umweltbelastung w\u00e4hrend des gesamten Lebenszyklus. Die korrosionsbest\u00e4ndigen Eigenschaften machen das Material f\u00fcr den Langzeiteinsatz geeignet, was zu einer l\u00e4ngeren Lebensdauer und geringeren Ersatzanforderungen f\u00fchrt. Wir verwenden ausschlie\u00dflich hochwertige Materialien, die eine lange Lebensdauer gew\u00e4hrleisten, wie Edelstahl 304 und 316 sowie Duplex als nachhaltige Alternative zu Kohlenstoffstahl. Auf Wunsch stellen wir Tanks aus Edelstahl mit bis zu 95% recyceltem Material her, wie zum Beispiel Outokumpu Circle Green\u00ae.   <\/p>\n        \n            <\/div>\n\n    <div class=\"overlap-cta-image\"><\/div>\n<\/div>\t\t\t\t<\/div>\n\t\t\t\t<\/div>\n\t\t\t\t<\/div>\n\t\t\t\t\t<\/div>\n\t\t\t\t<\/div>\n\t\t<div class=\"elementor-element elementor-element-2e1d2585 e-flex e-con-boxed e-con e-parent\" data-id=\"2e1d2585\" data-element_type=\"container\">\n\t\t\t\t\t<div class=\"e-con-inner\">\n\t\t<div class=\"elementor-element elementor-element-640e8d6d e-con-full e-flex e-con e-child\" data-id=\"640e8d6d\" data-element_type=\"container\">\n\t\t\t\t<div class=\"elementor-element elementor-element-166faf44 elementor-widget elementor-widget-image\" data-id=\"166faf44\" data-element_type=\"widget\" data-widget_type=\"image.default\">\n\t\t\t\t<div class=\"elementor-widget-container\">\n\t\t\t\t\t\t\t\t\t\t\t\t\t\t\t<img decoding=\"async\" width=\"2100\" height=\"1400\" src=\"https:\/\/gpi-tanksxl.com\/wp-content\/uploads\/2025\/05\/MG_4415-v2.jpg\" class=\"attachment-full size-full wp-image-106112\" alt=\"Ladeanschluss mit Stecker eines Elektroautos bei Gpi Tanks &amp; Process Equipment.\" srcset=\"https:\/\/gpi-tanksxl.com\/wp-content\/uploads\/2025\/05\/MG_4415-v2.jpg 2100w, https:\/\/gpi-tanksxl.com\/wp-content\/uploads\/2025\/05\/MG_4415-v2-300x200.jpg 300w, https:\/\/gpi-tanksxl.com\/wp-content\/uploads\/2025\/05\/MG_4415-v2-1024x683.jpg 1024w, https:\/\/gpi-tanksxl.com\/wp-content\/uploads\/2025\/05\/MG_4415-v2-768x512.jpg 768w, https:\/\/gpi-tanksxl.com\/wp-content\/uploads\/2025\/05\/MG_4415-v2-1536x1024.jpg 1536w, https:\/\/gpi-tanksxl.com\/wp-content\/uploads\/2025\/05\/MG_4415-v2-2048x1365.jpg 2048w\" sizes=\"(max-width: 2100px) 100vw, 2100px\" \/>\t\t\t\t\t\t\t\t\t\t\t\t\t\t\t<\/div>\n\t\t\t\t<\/div>\n\t\t\t\t<\/div>\n\t\t<div class=\"elementor-element elementor-element-1f7ecd10 e-con-full e-flex e-con e-child\" data-id=\"1f7ecd10\" data-element_type=\"container\">\n\t\t\t\t<div class=\"elementor-element elementor-element-6b2bd563 elementor-widget elementor-widget-heading\" data-id=\"6b2bd563\" data-element_type=\"widget\" data-widget_type=\"heading.default\">\n\t\t\t\t<div class=\"elementor-widget-container\">\n\t\t\t\t\t<h2 class=\"elementor-heading-title elementor-size-default\">Nachhaltige Mobilit\u00e4t<\/h2>\t\t\t\t<\/div>\n\t\t\t\t<\/div>\n\t\t\t\t<div class=\"elementor-element elementor-element-34439a8d elementor-widget elementor-widget-text-editor\" data-id=\"34439a8d\" data-element_type=\"widget\" data-widget_type=\"text-editor.default\">\n\t\t\t\t<div class=\"elementor-widget-container\">\n\t\t\t\t\t\t\t\t\t<p>Wir elektrifizieren unseren Fuhrpark mit Hybrid- und vollelektrischen Fahrzeugen, um unsere CO2-Emissionen zu reduzieren und zu einer saubereren Zukunft beizutragen.<br><br><br><\/p>\t\t\t\t\t\t\t\t<\/div>\n\t\t\t\t<\/div>\n\t\t\t\t<\/div>\n\t\t\t\t\t<\/div>\n\t\t\t\t<\/div>\n\t\t<div class=\"elementor-element elementor-element-39a5f8fc e-flex e-con-boxed e-con e-parent\" data-id=\"39a5f8fc\" data-element_type=\"container\">\n\t\t\t\t\t<div class=\"e-con-inner\">\n\t\t<div class=\"elementor-element elementor-element-61d4e940 e-con-full e-flex e-con e-child\" data-id=\"61d4e940\" data-element_type=\"container\">\n\t\t\t\t<div class=\"elementor-element elementor-element-44bb48e2 elementor-widget elementor-widget-image\" data-id=\"44bb48e2\" data-element_type=\"widget\" data-widget_type=\"image.default\">\n\t\t\t\t<div class=\"elementor-widget-container\">\n\t\t\t\t\t\t\t\t\t\t\t\t\t\t\t<img decoding=\"async\" width=\"2560\" height=\"1707\" src=\"https:\/\/gpi-tanksxl.com\/wp-content\/uploads\/2025\/04\/IMG_0336-scaled.jpg\" class=\"attachment-full size-full wp-image-105028\" alt=\"De directeur van Gpi Tanks met een JINC-deelnemer (\u2018Baas van morgen\u2019) en een productiemedewerker in de productiehal. Samen bekijken ze een rvs opslagtank in aanbouw.\" srcset=\"https:\/\/gpi-tanksxl.com\/wp-content\/uploads\/2025\/04\/IMG_0336-scaled.jpg 2560w, https:\/\/gpi-tanksxl.com\/wp-content\/uploads\/2025\/04\/IMG_0336-300x200.jpg 300w, https:\/\/gpi-tanksxl.com\/wp-content\/uploads\/2025\/04\/IMG_0336-1024x683.jpg 1024w, https:\/\/gpi-tanksxl.com\/wp-content\/uploads\/2025\/04\/IMG_0336-768x512.jpg 768w, https:\/\/gpi-tanksxl.com\/wp-content\/uploads\/2025\/04\/IMG_0336-1536x1024.jpg 1536w, https:\/\/gpi-tanksxl.com\/wp-content\/uploads\/2025\/04\/IMG_0336-2048x1365.jpg 2048w\" sizes=\"(max-width: 2560px) 100vw, 2560px\" \/>\t\t\t\t\t\t\t\t\t\t\t\t\t\t\t<\/div>\n\t\t\t\t<\/div>\n\t\t\t\t<\/div>\n\t\t<div class=\"elementor-element elementor-element-15acd77f e-con-full e-flex e-con e-child\" data-id=\"15acd77f\" data-element_type=\"container\">\n\t\t\t\t<div class=\"elementor-element elementor-element-6388315c elementor-widget elementor-widget-heading\" data-id=\"6388315c\" data-element_type=\"widget\" data-widget_type=\"heading.default\">\n\t\t\t\t<div class=\"elementor-widget-container\">\n\t\t\t\t\t<h2 class=\"elementor-heading-title elementor-size-default\">Gesellschaftliche Verantwortung<\/h2>\t\t\t\t<\/div>\n\t\t\t\t<\/div>\n\t\t\t\t<div class=\"elementor-element elementor-element-46912740 elementor-widget elementor-widget-text-editor\" data-id=\"46912740\" data-element_type=\"widget\" data-widget_type=\"text-editor.default\">\n\t\t\t\t<div class=\"elementor-widget-container\">\n\t\t\t\t\t\t\t\t\t<p>Wir unterst\u00fctzen die Gemeinschaften, in denen wir t\u00e4tig sind, unter anderem durch unsere Zusammenarbeit mit JINC, mit dem wir Chancengleichheit f\u00fcr Kinder f\u00f6rdern. Initiativen wie \u201eBoss f\u00fcr einen Tag\u201c und Workshops helfen Jugendlichen in ihrer Entwicklung. Dar\u00fcber hinaus f\u00f6rdern wir Sport und Teamgeist, indem wir an Sportveranstaltungen wie Laufwettbewerben, Volleyball- und Hallenfu\u00dfballturnieren teilnehmen.  <\/p>\t\t\t\t\t\t\t\t<\/div>\n\t\t\t\t<\/div>\n\t\t\t\t<\/div>\n\t\t\t\t\t<\/div>\n\t\t\t\t<\/div>\n\t\t<div class=\"elementor-element elementor-element-66414f5 e-flex e-con-boxed e-con e-parent\" data-id=\"66414f5\" data-element_type=\"container\">\n\t\t\t\t\t<div class=\"e-con-inner\">\n\t\t<div class=\"elementor-element elementor-element-97d7bca e-con-full e-flex e-con e-child\" data-id=\"97d7bca\" data-element_type=\"container\">\n\t\t\t\t<div class=\"elementor-element elementor-element-c4c4b66 elementor-widget elementor-widget-image\" data-id=\"c4c4b66\" data-element_type=\"widget\" data-widget_type=\"image.default\">\n\t\t\t\t<div class=\"elementor-widget-container\">\n\t\t\t\t\t\t\t\t\t\t\t\t\t\t\t<img loading=\"lazy\" decoding=\"async\" width=\"1726\" height=\"888\" src=\"https:\/\/gpi-tanksxl.com\/wp-content\/uploads\/2025\/04\/werken-bij-Gpi-kantoor-8.jpg\" class=\"attachment-full size-full wp-image-105024\" alt=\"Twee medewerkers van Gpi in gesprek tijdens een pauze in de kantine.\" srcset=\"https:\/\/gpi-tanksxl.com\/wp-content\/uploads\/2025\/04\/werken-bij-Gpi-kantoor-8.jpg 1726w, https:\/\/gpi-tanksxl.com\/wp-content\/uploads\/2025\/04\/werken-bij-Gpi-kantoor-8-300x154.jpg 300w, https:\/\/gpi-tanksxl.com\/wp-content\/uploads\/2025\/04\/werken-bij-Gpi-kantoor-8-1024x527.jpg 1024w, https:\/\/gpi-tanksxl.com\/wp-content\/uploads\/2025\/04\/werken-bij-Gpi-kantoor-8-768x395.jpg 768w, https:\/\/gpi-tanksxl.com\/wp-content\/uploads\/2025\/04\/werken-bij-Gpi-kantoor-8-1536x790.jpg 1536w\" sizes=\"(max-width: 1726px) 100vw, 1726px\" \/>\t\t\t\t\t\t\t\t\t\t\t\t\t\t\t<\/div>\n\t\t\t\t<\/div>\n\t\t\t\t<\/div>\n\t\t<div class=\"elementor-element elementor-element-52a64a0 e-con-full e-flex e-con e-child\" data-id=\"52a64a0\" data-element_type=\"container\">\n\t\t\t\t<div class=\"elementor-element elementor-element-176b790 elementor-widget elementor-widget-heading\" data-id=\"176b790\" data-element_type=\"widget\" data-widget_type=\"heading.default\">\n\t\t\t\t<div class=\"elementor-widget-container\">\n\t\t\t\t\t<h2 class=\"elementor-heading-title elementor-size-default\">Wachstum und Entwicklung der Mitarbeiter<\/h2>\t\t\t\t<\/div>\n\t\t\t\t<\/div>\n\t\t\t\t<div class=\"elementor-element elementor-element-fe3fa17 elementor-widget elementor-widget-text-editor\" data-id=\"fe3fa17\" data-element_type=\"widget\" data-widget_type=\"text-editor.default\">\n\t\t\t\t<div class=\"elementor-widget-container\">\n\t\t\t\t\t\t\t\t\t<p>Wir investieren in unsere Mitarbeiter durch Schulungen, berufliche Ausbildungen und Bildungsinitiativen wie Praktika und Betriebsbesichtigungen. So unterst\u00fctzen wir das individuelle Wachstum und tragen zu einer nachhaltigen Gesellschaft bei. <\/p>\t\t\t\t\t\t\t\t<\/div>\n\t\t\t\t<\/div>\n\t\t\t\t<\/div>\n\t\t\t\t\t<\/div>\n\t\t\t\t<\/div>\n\t\t<div class=\"elementor-element elementor-element-91fe47d e-flex e-con-boxed e-con e-parent\" data-id=\"91fe47d\" data-element_type=\"container\">\n\t\t\t\t\t<div class=\"e-con-inner\">\n\t\t<div class=\"elementor-element elementor-element-6922dec e-con-full e-flex e-con e-child\" data-id=\"6922dec\" data-element_type=\"container\">\n\t\t\t\t<div class=\"elementor-element elementor-element-7b4c5f0 elementor-widget elementor-widget-image\" data-id=\"7b4c5f0\" data-element_type=\"widget\" data-widget_type=\"image.default\">\n\t\t\t\t<div class=\"elementor-widget-container\">\n\t\t\t\t\t\t\t\t\t\t\t\t\t\t\t<img loading=\"lazy\" decoding=\"async\" width=\"1626\" height=\"844\" src=\"https:\/\/gpi-tanksxl.com\/wp-content\/uploads\/2025\/04\/werken-bij-Gpi-kantoor-10.jpg\" class=\"attachment-full size-full wp-image-105020\" alt=\"Fitnessruimte bij Gpi met sportende medewerker.\" srcset=\"https:\/\/gpi-tanksxl.com\/wp-content\/uploads\/2025\/04\/werken-bij-Gpi-kantoor-10.jpg 1626w, https:\/\/gpi-tanksxl.com\/wp-content\/uploads\/2025\/04\/werken-bij-Gpi-kantoor-10-300x156.jpg 300w, https:\/\/gpi-tanksxl.com\/wp-content\/uploads\/2025\/04\/werken-bij-Gpi-kantoor-10-1024x532.jpg 1024w, https:\/\/gpi-tanksxl.com\/wp-content\/uploads\/2025\/04\/werken-bij-Gpi-kantoor-10-768x399.jpg 768w, https:\/\/gpi-tanksxl.com\/wp-content\/uploads\/2025\/04\/werken-bij-Gpi-kantoor-10-1536x797.jpg 1536w\" sizes=\"(max-width: 1626px) 100vw, 1626px\" \/>\t\t\t\t\t\t\t\t\t\t\t\t\t\t\t<\/div>\n\t\t\t\t<\/div>\n\t\t\t\t<\/div>\n\t\t<div class=\"elementor-element elementor-element-2042126 e-con-full e-flex e-con e-child\" data-id=\"2042126\" data-element_type=\"container\">\n\t\t\t\t<div class=\"elementor-element elementor-element-f731f95 elementor-widget elementor-widget-heading\" data-id=\"f731f95\" data-element_type=\"widget\" data-widget_type=\"heading.default\">\n\t\t\t\t<div class=\"elementor-widget-container\">\n\t\t\t\t\t<h2 class=\"elementor-heading-title elementor-size-default\">Faire, sichere und gesunde Arbeitsumgebung<\/h2>\t\t\t\t<\/div>\n\t\t\t\t<\/div>\n\t\t\t\t<div class=\"elementor-element elementor-element-807812a elementor-widget elementor-widget-text-editor\" data-id=\"807812a\" data-element_type=\"widget\" data-widget_type=\"text-editor.default\">\n\t\t\t\t<div class=\"elementor-widget-container\">\n\t\t\t\t\t\t\t\t\t<p>Wir legen Wert auf eine sichere, faire und respektvolle Arbeitsumgebung. Wir respektieren und wahren alle Arbeitsgesetze und investieren in langfristige Besch\u00e4ftigung sowie die Entwicklung unserer Mitarbeiter. <\/p><p>Wir f\u00f6rdern einen gesunden Lebensstil, indem wir frisches Obst und Milchprodukte in der Kantine anbieten, ein eigenes Fitnessstudio zur Verf\u00fcgung stellen und sportliche Veranstaltungen organisieren. Durch unser Fahrradprogramm ermutigen wir zu nachhaltigem Pendeln. Dar\u00fcber hinaus erhalten neue Mitarbeiter einen wiederverwendbaren Kaffeebecher und eine Trinkflasche, und wir sorgen f\u00fcr ma\u00dfgeschneiderte pers\u00f6nliche Schutzausr\u00fcstung wie Sicherheitsschuhe und Geh\u00f6rschutz, um Sicherheit und Nachhaltigkeit zu kombinieren.  <\/p>\t\t\t\t\t\t\t\t<\/div>\n\t\t\t\t<\/div>\n\t\t\t\t<\/div>\n\t\t\t\t\t<\/div>\n\t\t\t\t<\/div>\n\t\t<div class=\"elementor-element elementor-element-24e3435 e-flex e-con-boxed e-con e-parent\" data-id=\"24e3435\" data-element_type=\"container\">\n\t\t\t\t\t<div class=\"e-con-inner\">\n\t\t<div class=\"elementor-element elementor-element-d41366c e-con-full e-flex e-con e-child\" data-id=\"d41366c\" data-element_type=\"container\">\n\t\t\t\t<div class=\"elementor-element elementor-element-7947bf1 elementor-widget elementor-widget-image\" data-id=\"7947bf1\" data-element_type=\"widget\" data-widget_type=\"image.default\">\n\t\t\t\t<div class=\"elementor-widget-container\">\n\t\t\t\t\t\t\t\t\t\t\t\t\t\t\t<img decoding=\"async\" width=\"2100\" height=\"1400\" src=\"https:\/\/gpi-tanksxl.com\/wp-content\/uploads\/2025\/05\/MG_4415-v2.jpg\" class=\"attachment-full size-full wp-image-106112\" alt=\"Ladeanschluss mit Stecker eines Elektroautos bei Gpi Tanks &amp; Process Equipment.\" srcset=\"https:\/\/gpi-tanksxl.com\/wp-content\/uploads\/2025\/05\/MG_4415-v2.jpg 2100w, https:\/\/gpi-tanksxl.com\/wp-content\/uploads\/2025\/05\/MG_4415-v2-300x200.jpg 300w, https:\/\/gpi-tanksxl.com\/wp-content\/uploads\/2025\/05\/MG_4415-v2-1024x683.jpg 1024w, https:\/\/gpi-tanksxl.com\/wp-content\/uploads\/2025\/05\/MG_4415-v2-768x512.jpg 768w, https:\/\/gpi-tanksxl.com\/wp-content\/uploads\/2025\/05\/MG_4415-v2-1536x1024.jpg 1536w, https:\/\/gpi-tanksxl.com\/wp-content\/uploads\/2025\/05\/MG_4415-v2-2048x1365.jpg 2048w\" sizes=\"(max-width: 2100px) 100vw, 2100px\" \/>\t\t\t\t\t\t\t\t\t\t\t\t\t\t\t<\/div>\n\t\t\t\t<\/div>\n\t\t\t\t<\/div>\n\t\t<div class=\"elementor-element elementor-element-95e5907 e-con-full e-flex e-con e-child\" data-id=\"95e5907\" data-element_type=\"container\">\n\t\t\t\t<div class=\"elementor-element elementor-element-41b1d35 elementor-widget elementor-widget-heading\" data-id=\"41b1d35\" data-element_type=\"widget\" data-widget_type=\"heading.default\">\n\t\t\t\t<div class=\"elementor-widget-container\">\n\t\t\t\t\t<h2 class=\"elementor-heading-title elementor-size-default\">Sicherheit, Qualit\u00e4t und Nachhaltigkeit<\/h2>\t\t\t\t<\/div>\n\t\t\t\t<\/div>\n\t\t\t\t<div class=\"elementor-element elementor-element-10c72eb elementor-widget elementor-widget-text-editor\" data-id=\"10c72eb\" data-element_type=\"widget\" data-widget_type=\"text-editor.default\">\n\t\t\t\t<div class=\"elementor-widget-container\">\n\t\t\t\t\t\t\t\t\t<p>Sicherheit, Qualit\u00e4t und Nachhaltigkeit sind wesentliche Bestandteile unserer Unternehmensf\u00fchrung. Dies erm\u00f6glicht es uns, zuverl\u00e4ssige, nachhaltige und hochwertige L\u00f6sungen f\u00fcr unsere Kunden weltweit zu liefern. <\/p>\t\t\t\t\t\t\t\t<\/div>\n\t\t\t\t<\/div>\n\t\t\t\t<div class=\"elementor-element elementor-element-cd5810c elementor-widget elementor-widget-gpi-button\" data-id=\"cd5810c\" data-element_type=\"widget\" data-widget_type=\"gpi-button.default\">\n\t\t\t\t<div class=\"elementor-widget-container\">\n\t\t\t\t\t\n\t\t<div class=\"gpi-button \">\n\t\t\t<a href=\"https:\/\/gpi-tanksxl.com\/de\/sicherheit\/\" id=\"\">\n\t\t\t\t\t\t\t\t\t<span>Sicherheit<\/span>\n\t\t\t\t\n\t\t\t\t<!-- Icon -->\n\t\t\t\t<div class=\"gpi-button-icon right\">\n\t\t\t\t\t<svg width=\"17\" height=\"16\" viewBox=\"0 0 17 16\" fill=\"none\" xmlns=\"http:\/\/www.w3.org\/2000\/svg\" class=\"inner-arrow\">\n\t\t\t\t\t\t<path d=\"M8.60352 0L7.19352 1.41L12.7735 7H0.603516V9H12.7735L7.19352 14.59L8.60352 16L16.6035 8L8.60352 0Z\" fill=\"#00A799\"\/>\n\t\t\t\t\t<\/svg>\n\n\t\t\t\t\t<svg width=\"52\" height=\"52\" class=\"outer-circle\">\n\t\t\t\t\t\t<circle cx=\"26\" cy=\"26\" r=\"24\" stroke=\"#e1e1e1\" stroke-width=\"1\" fill-opacity=\"0\"><\/circle>\n\t\t\t\t\t\t<circle class=\"circle\" cx=\"26\" cy=\"26\" r=\"24\" stroke=\"#00a799\" fill=\"#fff\" stroke-width=\"3\"><\/circle>\n\t\t\t\t\t<\/svg>\n\t\t\t\t<\/div>\n\t\t\t<\/a>\n\t\t<\/div>\n\n\t\t\t\t\t\t<\/div>\n\t\t\t\t<\/div>\n\t\t\t\t<div class=\"elementor-element elementor-element-4befe92 elementor-widget elementor-widget-gpi-button\" data-id=\"4befe92\" data-element_type=\"widget\" data-widget_type=\"gpi-button.default\">\n\t\t\t\t<div class=\"elementor-widget-container\">\n\t\t\t\t\t\n\t\t<div class=\"gpi-button \">\n\t\t\t<a href=\"https:\/\/gpi-tanksxl.com\/de\/qualitaet\/\" id=\"\">\n\t\t\t\t\t\t\t\t\t<span>Qualit\u00e4t<\/span>\n\t\t\t\t\n\t\t\t\t<!-- Icon -->\n\t\t\t\t<div class=\"gpi-button-icon right\">\n\t\t\t\t\t<svg width=\"17\" height=\"16\" viewBox=\"0 0 17 16\" fill=\"none\" xmlns=\"http:\/\/www.w3.org\/2000\/svg\" class=\"inner-arrow\">\n\t\t\t\t\t\t<path d=\"M8.60352 0L7.19352 1.41L12.7735 7H0.603516V9H12.7735L7.19352 14.59L8.60352 16L16.6035 8L8.60352 0Z\" fill=\"#00A799\"\/>\n\t\t\t\t\t<\/svg>\n\n\t\t\t\t\t<svg width=\"52\" height=\"52\" class=\"outer-circle\">\n\t\t\t\t\t\t<circle cx=\"26\" cy=\"26\" r=\"24\" stroke=\"#e1e1e1\" stroke-width=\"1\" fill-opacity=\"0\"><\/circle>\n\t\t\t\t\t\t<circle class=\"circle\" cx=\"26\" cy=\"26\" r=\"24\" stroke=\"#00a799\" fill=\"#fff\" stroke-width=\"3\"><\/circle>\n\t\t\t\t\t<\/svg>\n\t\t\t\t<\/div>\n\t\t\t<\/a>\n\t\t<\/div>\n\n\t\t\t\t\t\t<\/div>\n\t\t\t\t<\/div>\n\t\t\t\t<\/div>\n\t\t\t\t\t<\/div>\n\t\t\t\t<\/div>\n\t\t\t\t<\/div>\n\t\t","protected":false},"excerpt":{"rendered":"<p>Nachhaltigkeit Unsere Zukunft. \u00dcber uns Bei Gpi Tanks XL glauben wir an nachhaltiges und verantwortungsbewusstes Wirtschaften. Unser Ziel ist es, nicht nur profitabel und wachsend zu sein, sondern auch einen positiven Beitrag zur Gesellschaft zu leisten und unsere Umweltbelastung zu minimieren. Dies erreichen wir, indem wir bewusste Entscheidungen in der Materialnutzung, im Energieverbrauch und in [&hellip;]<\/p>\n","protected":false},"author":7,"featured_media":0,"parent":0,"menu_order":0,"comment_status":"closed","ping_status":"closed","template":"elementor_header_footer","meta":{"_acf_changed":false,"footnotes":""},"class_list":["post-106144","page","type-page","status-publish","hentry"],"acf":[],"_links":{"self":[{"href":"https:\/\/gpi-tanksxl.com\/de\/wp-json\/wp\/v2\/pages\/106144","targetHints":{"allow":["GET"]}}],"collection":[{"href":"https:\/\/gpi-tanksxl.com\/de\/wp-json\/wp\/v2\/pages"}],"about":[{"href":"https:\/\/gpi-tanksxl.com\/de\/wp-json\/wp\/v2\/types\/page"}],"author":[{"embeddable":true,"href":"https:\/\/gpi-tanksxl.com\/de\/wp-json\/wp\/v2\/users\/7"}],"replies":[{"embeddable":true,"href":"https:\/\/gpi-tanksxl.com\/de\/wp-json\/wp\/v2\/comments?post=106144"}],"version-history":[{"count":27,"href":"https:\/\/gpi-tanksxl.com\/de\/wp-json\/wp\/v2\/pages\/106144\/revisions"}],"predecessor-version":[{"id":107050,"href":"https:\/\/gpi-tanksxl.com\/de\/wp-json\/wp\/v2\/pages\/106144\/revisions\/107050"}],"wp:attachment":[{"href":"https:\/\/gpi-tanksxl.com\/de\/wp-json\/wp\/v2\/media?parent=106144"}],"curies":[{"name":"wp","href":"https:\/\/api.w.org\/{rel}","templated":true}]}}