{"id":104777,"date":"2025-03-13T09:31:41","date_gmt":"2025-03-13T09:31:41","guid":{"rendered":"https:\/\/gpi-tanksxl.com\/edelstahltanks\/"},"modified":"2025-03-27T14:47:13","modified_gmt":"2025-03-27T14:47:13","slug":"edelstahltanks","status":"publish","type":"page","link":"https:\/\/gpi-tanksxl.com\/de\/edelstahltanks\/","title":{"rendered":"Edelstahltanks"},"content":{"rendered":"\t\t<div data-elementor-type=\"wp-page\" data-elementor-id=\"104777\" class=\"elementor elementor-104777 elementor-104217\" data-elementor-post-type=\"page\">\n\t\t\t\t<div class=\"elementor-element elementor-element-f4fc773 e-con-full e-flex e-con e-parent\" data-id=\"f4fc773\" data-element_type=\"container\">\n\t\t\t\t<div class=\"elementor-element elementor-element-2a761e9 elementor-widget elementor-widget-brandbox\" data-id=\"2a761e9\" data-element_type=\"widget\" data-widget_type=\"brandbox.default\">\n\t\t\t\t<div class=\"elementor-widget-container\">\n\t\t\t\t\t<div class=\"brandbox\">\n\t<div class=\"brandbox-content\">\n\t\t\t\t\n\t\t\t\t\t<h1 class=\"brandbox-title\">Warum Edelstahltanks?<\/h1>\n\t\t\n\t\t\t\t\t<span class=\"brandbox-subtitle\">Um hochwertige Lagertanks herzustellen, w\u00e4hlen wir ausschlie\u00dflich Edelstahl\n<\/span>\n\t\t\t<\/div>\n\n\t<div class=\"brandbox-media\">\n\t\t\t\t\t<img fetchpriority=\"high\" decoding=\"async\" width=\"2048\" height=\"1365\" src=\"https:\/\/gpi-tanksxl.com\/wp-content\/uploads\/2025\/02\/rvs2-2048x1365-1.jpg\" class=\"attachment-full size-full\" alt=\"Edelstahl-Bioenergie-Speichertanks unter einem klaren blauen Himmel in einer industriellen Umgebung\" srcset=\"https:\/\/gpi-tanksxl.com\/wp-content\/uploads\/2025\/02\/rvs2-2048x1365-1.jpg 2048w, https:\/\/gpi-tanksxl.com\/wp-content\/uploads\/2025\/02\/rvs2-2048x1365-1-300x200.jpg 300w, https:\/\/gpi-tanksxl.com\/wp-content\/uploads\/2025\/02\/rvs2-2048x1365-1-1024x683.jpg 1024w, https:\/\/gpi-tanksxl.com\/wp-content\/uploads\/2025\/02\/rvs2-2048x1365-1-768x512.jpg 768w, https:\/\/gpi-tanksxl.com\/wp-content\/uploads\/2025\/02\/rvs2-2048x1365-1-1536x1024.jpg 1536w\" sizes=\"(max-width: 2048px) 100vw, 2048px\" \/>\t\t\t<\/div> \n<\/div>\n\n\t\t\t\t<\/div>\n\t\t\t\t<\/div>\n\t\t\t\t<\/div>\n\t\t<div class=\"elementor-element elementor-element-cb49101 e-flex e-con-boxed e-con e-parent\" data-id=\"cb49101\" data-element_type=\"container\">\n\t\t\t\t\t<div class=\"e-con-inner\">\n\t\t<div class=\"elementor-element elementor-element-48b33a2 e-con-full e-flex e-con e-child\" data-id=\"48b33a2\" data-element_type=\"container\">\n\t\t\t\t<div class=\"elementor-element elementor-element-57c0735 elementor-widget elementor-widget-text-editor\" data-id=\"57c0735\" data-element_type=\"widget\" data-widget_type=\"text-editor.default\">\n\t\t\t\t<div class=\"elementor-widget-container\">\n\t\t\t\t\t\t\t\t\tGpi Tanks XL produziert Lagertanks aus Edelstahl. Edelstahl ist entweder rostbest\u00e4ndiger oder rostfreier Stahl. Beide Bezeichnungen sind korrekt in der Anwendung. Andere Bezeichnungen sind \u201eStainless Steel\u201c im Englischen und \u201eInox\u201c vom Franz\u00f6sischen inoxydable (=rostfrei). Es ist wichtig zu beachten, dass Edelstahl \u2013 wie oft angenommen \u2013 nicht unbedingt rostfrei ist. Das Material ist sehr korrosionsbest\u00e4ndig und daher sehr rostfest. Aus diesem Grund produzieren wir immer mit diesem Material.   \n\n\t\t\t\t\t\t\t\t<\/div>\n\t\t\t\t<\/div>\n\t\t\t\t<div class=\"elementor-element elementor-element-2b57347 elementor-widget elementor-widget-heading\" data-id=\"2b57347\" data-element_type=\"widget\" data-widget_type=\"heading.default\">\n\t\t\t\t<div class=\"elementor-widget-container\">\n\t\t\t\t\t<h2 class=\"elementor-heading-title elementor-size-default\">Eigenschaften von Edelstahl<\/h2>\t\t\t\t<\/div>\n\t\t\t\t<\/div>\n\t\t\t\t<div class=\"elementor-element elementor-element-db716f6 elementor-widget elementor-widget-text-editor\" data-id=\"db716f6\" data-element_type=\"widget\" data-widget_type=\"text-editor.default\">\n\t\t\t\t<div class=\"elementor-widget-container\">\n\t\t\t\t\t\t\t\t\t<p>Edelstahl ist ein hochlegierter Stahl, da mehrere Materialien gemischt werden, um bestimmte Eigenschaften zu erhalten. Die am h\u00e4ufigsten verwendete Edelstahlsorte ist die mit einer sogenannten austenitischen Struktur. Dazu z\u00e4hlen die bekannten Sorten Edelstahl 304(L) und 316(L). Edelstahlsorten entstehen aus einer Legierung (Metallgemisch) bestimmter Mengen an Eisen, Chrom, Nickel und Kohlenstoff. In Abh\u00e4ngigkeit von den gew\u00fcnschten Eigenschaften k\u00f6nnen auch andere Metalle hinzugef\u00fcgt werden.   <\/p>\n<p>Durch die Zugabe von beispielsweise Nickel und Chrom wird der Werkstoff verarbeitbarer, bei hohen Temperaturen st\u00e4rker und rostbest\u00e4ndiger. Wenn das Chrom mit Sauerstoff in Ber\u00fchrung kommt, bildet sich eine \u201eOxidhaut\u201c. Dies ist eine unsichtbare Schicht, die das darunterliegende Metall vor Rostbildung sch\u00fctzt, was zu einer hohen Korrosionsbest\u00e4ndigkeit f\u00fchrt.  <\/p>\n\t\t\t\t\t\t\t\t<\/div>\n\t\t\t\t<\/div>\n\t\t\t\t<\/div>\n\t\t\t\t\t<\/div>\n\t\t\t\t<\/div>\n\t\t<div class=\"elementor-element elementor-element-ae61bfd e-flex e-con-boxed e-con e-parent\" data-id=\"ae61bfd\" data-element_type=\"container\" data-settings=\"{&quot;background_background&quot;:&quot;classic&quot;}\">\n\t\t\t\t\t<div class=\"e-con-inner\">\n\t\t<div class=\"elementor-element elementor-element-72e7656 e-con-full e-flex e-con e-child\" data-id=\"72e7656\" data-element_type=\"container\">\n\t\t\t\t<div class=\"elementor-element elementor-element-1c7400f elementor-widget elementor-widget-image\" data-id=\"1c7400f\" data-element_type=\"widget\" data-widget_type=\"image.default\">\n\t\t\t\t<div class=\"elementor-widget-container\">\n\t\t\t\t\t\t\t\t\t\t\t\t\t\t\t<img decoding=\"async\" width=\"768\" height=\"1024\" src=\"https:\/\/gpi-tanksxl.com\/wp-content\/uploads\/2025\/03\/WhatsApp-Image-2019-11-24-at-18.59.59-768x1024.jpeg\" class=\"attachment-large size-large wp-image-103924\" alt=\"\" srcset=\"https:\/\/gpi-tanksxl.com\/wp-content\/uploads\/2025\/03\/WhatsApp-Image-2019-11-24-at-18.59.59-768x1024.jpeg 768w, https:\/\/gpi-tanksxl.com\/wp-content\/uploads\/2025\/03\/WhatsApp-Image-2019-11-24-at-18.59.59-225x300.jpeg 225w, https:\/\/gpi-tanksxl.com\/wp-content\/uploads\/2025\/03\/WhatsApp-Image-2019-11-24-at-18.59.59-1152x1536.jpeg 1152w, https:\/\/gpi-tanksxl.com\/wp-content\/uploads\/2025\/03\/WhatsApp-Image-2019-11-24-at-18.59.59.jpeg 1200w\" sizes=\"(max-width: 768px) 100vw, 768px\" \/>\t\t\t\t\t\t\t\t\t\t\t\t\t\t\t<\/div>\n\t\t\t\t<\/div>\n\t\t\t\t<\/div>\n\t\t<div class=\"elementor-element elementor-element-b50b30d e-con-full e-flex e-con e-child\" data-id=\"b50b30d\" data-element_type=\"container\">\n\t\t\t\t<div class=\"elementor-element elementor-element-c51e4a6 elementor-widget elementor-widget-heading\" data-id=\"c51e4a6\" data-element_type=\"widget\" data-widget_type=\"heading.default\">\n\t\t\t\t<div class=\"elementor-widget-container\">\n\t\t\t\t\t<h2 class=\"elementor-heading-title elementor-size-default\">Edelstahl im Vergleich zu Stahl<\/h2>\t\t\t\t<\/div>\n\t\t\t\t<\/div>\n\t\t\t\t<div class=\"elementor-element elementor-element-7267251 elementor-widget elementor-widget-text-editor\" data-id=\"7267251\" data-element_type=\"widget\" data-widget_type=\"text-editor.default\">\n\t\t\t\t<div class=\"elementor-widget-container\">\n\t\t\t\t\t\t\t\t\t<p>Stahl \u2013 womit im Allgemeinen niedrig legierter Stahl bezeichnet wird \u2013 besteht aus Eisen mit einem geringen Kohlenstoffanteil. Da hier unter anderem Chrom fehlt, wird die Korrosionsbest\u00e4ndigkeit von Edelstahl nicht erreicht. Stahl wird schneller angegriffen und rostet daher schneller. Au\u00dferdem verteilt sich der Rost leichter im gesamten Material. Die Korrosionsbest\u00e4ndigkeit von Edelstahl ist einer der Hauptgr\u00fcnde, warum wir uns beim Tankbau f\u00fcr dieses Material und nicht f\u00fcr Stahl entschieden haben, aber es gibt noch weitere Vorteile. Die wichtigsten Vorteile auf einen Blick:     <\/p>\n\t\t\t\t\t\t\t\t<\/div>\n\t\t\t\t<\/div>\n\t\t\t\t<div class=\"elementor-element elementor-element-02cc04c elementor-widget elementor-widget-checklist\" data-id=\"02cc04c\" data-element_type=\"widget\" data-widget_type=\"checklist.default\">\n\t\t\t\t<div class=\"elementor-widget-container\">\n\t\t\t\t\t\t<div class=\"checklist-wrapper\">\n\t\t\t\t\t<span class=\"checklist-item\">D\u00fcnnere Anwendbarkeit<\/span>\n\t\t\t\t\t<span class=\"checklist-item\">Bessere Schwei\u00dfbarkeit<\/span>\n\t\t\t\t\t<span class=\"checklist-item\">Geringere Instandhaltungskosten<\/span>\n\t\t\t\t\t<span class=\"checklist-item\">Geringere thermische Ausdehnung<\/span>\n\t\t\t\t\t<span class=\"checklist-item\">Bessere mechanische Festigkeit<\/span>\n\t\t\t\t\t<span class=\"checklist-item\">Bessere Verschlei\u00df- und Erosionsbest\u00e4ndigkeit<\/span>\n\t\t\t<\/div>\n\t\t\t\t<\/div>\n\t\t\t\t<\/div>\n\t\t\t\t<div class=\"elementor-element elementor-element-ada2a86 elementor-widget elementor-widget-text-editor\" data-id=\"ada2a86\" data-element_type=\"widget\" data-widget_type=\"text-editor.default\">\n\t\t\t\t<div class=\"elementor-widget-container\">\n\t\t\t\t\t\t\t\t\t<p>Auch Edelstahl kann durch Besch\u00e4digung oder einen Angriff mit Chemikalien korrodieren. Aus diesem Grund ist es wichtig, das Material immer richtig zu behandeln und die richtige Edelstahlsorte f\u00fcr die jeweilige Anwendung auszuw\u00e4hlen. Au\u00dferdem ist es wichtig, die richtige Nachbehandlung zu w\u00e4hlen. Die Experten von Gpi k\u00f6nnen Sie entsprechend beraten.    <\/p>\n\t\t\t\t\t\t\t\t<\/div>\n\t\t\t\t<\/div>\n\t\t\t\t<\/div>\n\t\t\t\t\t<\/div>\n\t\t\t\t<\/div>\n\t\t<div class=\"elementor-element elementor-element-e3e2d69 e-flex e-con-boxed e-con e-parent\" data-id=\"e3e2d69\" data-element_type=\"container\">\n\t\t\t\t\t<div class=\"e-con-inner\">\n\t\t<div class=\"elementor-element elementor-element-894b9b9 e-con-full e-flex e-con e-child\" data-id=\"894b9b9\" data-element_type=\"container\">\n\t\t\t\t<div class=\"elementor-element elementor-element-b7abe75 elementor-widget elementor-widget-heading\" data-id=\"b7abe75\" data-element_type=\"widget\" data-widget_type=\"heading.default\">\n\t\t\t\t<div class=\"elementor-widget-container\">\n\t\t\t\t\t<h2 class=\"elementor-heading-title elementor-size-default\">Duplex-Edelstahl - der st\u00e4rkste seiner Art\n<\/h2>\t\t\t\t<\/div>\n\t\t\t\t<\/div>\n\t\t\t\t<div class=\"elementor-element elementor-element-0eccfa5 elementor-widget elementor-widget-text-editor\" data-id=\"0eccfa5\" data-element_type=\"widget\" data-widget_type=\"text-editor.default\">\n\t\t\t\t<div class=\"elementor-widget-container\">\n\t\t\t\t\t\t\t\t\t<p>Duplex ist eine Edelstahlausf\u00fchrung, die zunehmend im Tankbau eingesetzt wird. Duplex-Edelstahl ist teurer als die \u00fcblichen Edelstahlsorten (304 und 316), aber wesentlich stabiler und korrosionsbest\u00e4ndiger. Duplex ist auch in verschiedenen Sorten mit unterschiedlichen Eigenschaften erh\u00e4ltlich.  <\/p>\n<p>Duplex ist aufgrund seiner Korrosionsbest\u00e4ndigkeit besonders interessant f\u00fcr die (petro)chemische Industrie. F\u00fcr gro\u00dfe Tanks, die eine hohe Festigkeit erfordern, kann Duplex auch eine L\u00f6sung sein. Eine d\u00fcnne Verwendung von Duplex ist genauso stabil oder sogar stabiler als die h\u00e4ufig eingesetzten Edelstahlsorten. Es wird weniger Material ben\u00f6tigt \u2013 was billiger sein kann. <\/p>\n<p>Die Bearbeitung von Duplex ist h\u00e4ufig schwieriger. Das Schwei\u00dfen ist beispielsweise komplizierter und genauer als bei herk\u00f6mmlichem Edelstahl. So \u00e4ndert sich beispielsweise bei Temperaturen \u00fcber 250\u00b0 C die Struktur und die Korrosionsbest\u00e4ndigkeit wird beeintr\u00e4chtigt, was zu einer Spr\u00f6digkeit f\u00fchrt. Um dies zu verhindern, ist eine richtige Verarbeitung wichtig. <\/p>\n<p>Insgesamt betrachtet, f\u00fchrt Duplex, aufgrund seiner d\u00fcnneren Anwendung, der besseren Bauzeit und der geringeren Wartungskosten, h\u00e4ufig zu niedrigeren Gesamtkosten f\u00fcr gro\u00dfe Tanks.<\/p>\n\t\t\t\t\t\t\t\t<\/div>\n\t\t\t\t<\/div>\n\t\t\t\t<div class=\"elementor-element elementor-element-ae9a4bf elementor-widget elementor-widget-heading\" data-id=\"ae9a4bf\" data-element_type=\"widget\" data-widget_type=\"heading.default\">\n\t\t\t\t<div class=\"elementor-widget-container\">\n\t\t\t\t\t<h2 class=\"elementor-heading-title elementor-size-default\">Edelstahlbeizen und Passivieren<\/h2>\t\t\t\t<\/div>\n\t\t\t\t<\/div>\n\t\t\t\t<div class=\"elementor-element elementor-element-2b52d46 elementor-widget elementor-widget-text-editor\" data-id=\"2b52d46\" data-element_type=\"widget\" data-widget_type=\"text-editor.default\">\n\t\t\t\t<div class=\"elementor-widget-container\">\n\t\t\t\t\t\t\t\t\t<p>Die Verarbeitung w\u00e4hrend der Produktion kann die Oxidschicht beeinflussen, die den Edelstahl korrosionsbest\u00e4ndig macht. Das ist zum Beispiel auf das Schneiden und Schwei\u00dfen des Materials zur\u00fcckzuf\u00fchren. Deshalb wird Edelstahl immer nachbehandelt. Er wird mit einer S\u00e4ure behandelt und anschlie\u00dfend gereinigt (=beizen). Die Oxidhaut entsteht innerhalb von ca. 24 Stunden wieder auf nat\u00fcrliche Weise (=passivieren).   <\/p>\n\t\t\t\t\t\t\t\t<\/div>\n\t\t\t\t<\/div>\n\t\t\t\t<\/div>\n\t\t\t\t\t<\/div>\n\t\t\t\t<\/div>\n\t\t<div class=\"elementor-element elementor-element-ecefae2 e-flex e-con-boxed e-con e-parent\" data-id=\"ecefae2\" data-element_type=\"container\">\n\t\t\t\t\t<div class=\"e-con-inner\">\n\t\t<div class=\"elementor-element elementor-element-9677651 e-con-full e-flex e-con e-child\" data-id=\"9677651\" data-element_type=\"container\">\n\t\t\t\t<div class=\"elementor-element elementor-element-6ff6448 elementor-arrows-position-inside elementor-pagination-position-outside elementor-widget elementor-widget-image-carousel\" data-id=\"6ff6448\" data-element_type=\"widget\" data-settings=\"{&quot;slides_to_show&quot;:&quot;1&quot;,&quot;navigation&quot;:&quot;both&quot;,&quot;autoplay&quot;:&quot;yes&quot;,&quot;pause_on_hover&quot;:&quot;yes&quot;,&quot;pause_on_interaction&quot;:&quot;yes&quot;,&quot;autoplay_speed&quot;:5000,&quot;infinite&quot;:&quot;yes&quot;,&quot;effect&quot;:&quot;slide&quot;,&quot;speed&quot;:500}\" data-widget_type=\"image-carousel.default\">\n\t\t\t\t<div class=\"elementor-widget-container\">\n\t\t\t\t\t\t\t<div class=\"elementor-image-carousel-wrapper swiper\" role=\"region\" aria-roledescription=\"carousel\" aria-label=\"Image Carousel\" dir=\"ltr\">\n\t\t\t<div class=\"elementor-image-carousel swiper-wrapper swiper-image-stretch\" aria-live=\"off\">\n\t\t\t\t\t\t\t\t<div class=\"swiper-slide\" role=\"group\" aria-roledescription=\"slide\" aria-label=\"1 von 7\"><figure class=\"swiper-slide-inner\"><img decoding=\"async\" class=\"swiper-slide-image\" src=\"https:\/\/gpi-tanksxl.com\/wp-content\/uploads\/2025\/03\/rvs1-e1572853431340.png\" alt=\"rvs1-e1572853431340.png\" \/><\/figure><\/div><div class=\"swiper-slide\" role=\"group\" aria-roledescription=\"slide\" aria-label=\"2 von 7\"><figure class=\"swiper-slide-inner\"><img decoding=\"async\" class=\"swiper-slide-image\" src=\"https:\/\/gpi-tanksxl.com\/wp-content\/uploads\/2025\/03\/rvs1-e1572853419913.jpg\" alt=\"Close-up van rvs opslagtanks.\" \/><\/figure><\/div><div class=\"swiper-slide\" role=\"group\" aria-roledescription=\"slide\" aria-label=\"3 von 7\"><figure class=\"swiper-slide-inner\"><img decoding=\"async\" class=\"swiper-slide-image\" src=\"https:\/\/gpi-tanksxl.com\/wp-content\/uploads\/2025\/03\/rvs4-e1572853465866.jpg\" alt=\"rvs4-e1572853465866.jpg\" \/><\/figure><\/div><div class=\"swiper-slide\" role=\"group\" aria-roledescription=\"slide\" aria-label=\"4 von 7\"><figure class=\"swiper-slide-inner\"><img decoding=\"async\" class=\"swiper-slide-image\" src=\"https:\/\/gpi-tanksxl.com\/wp-content\/uploads\/2025\/03\/rvs5-e1572853475914.jpg\" alt=\"rvs5-e1572853475914.jpg\" \/><\/figure><\/div><div class=\"swiper-slide\" role=\"group\" aria-roledescription=\"slide\" aria-label=\"5 von 7\"><figure class=\"swiper-slide-inner\"><img decoding=\"async\" class=\"swiper-slide-image\" src=\"https:\/\/gpi-tanksxl.com\/wp-content\/uploads\/2025\/03\/rvs2-e1572853446921.jpg\" alt=\"rvs2-e1572853446921.jpg\" \/><\/figure><\/div><div class=\"swiper-slide\" role=\"group\" aria-roledescription=\"slide\" aria-label=\"6 von 7\"><figure class=\"swiper-slide-inner\"><img decoding=\"async\" class=\"swiper-slide-image\" src=\"https:\/\/gpi-tanksxl.com\/wp-content\/uploads\/2025\/03\/rvs7-e1572853408723.jpg\" alt=\"rvs7-e1572853408723.jpg\" \/><\/figure><\/div><div class=\"swiper-slide\" role=\"group\" aria-roledescription=\"slide\" aria-label=\"7 von 7\"><figure class=\"swiper-slide-inner\"><img decoding=\"async\" class=\"swiper-slide-image\" src=\"https:\/\/gpi-tanksxl.com\/wp-content\/uploads\/2025\/03\/rvs1-e1572853431340.png\" alt=\"rvs1-e1572853431340.png\" \/><\/figure><\/div>\t\t\t<\/div>\n\t\t\t\t\t\t\t\t\t\t\t\t<div class=\"elementor-swiper-button elementor-swiper-button-prev\" role=\"button\" tabindex=\"0\">\n\t\t\t\t\t\t<svg aria-hidden=\"true\" class=\"e-font-icon-svg e-eicon-chevron-left\" viewBox=\"0 0 1000 1000\" xmlns=\"http:\/\/www.w3.org\/2000\/svg\"><path d=\"M646 125C629 125 613 133 604 142L308 442C296 454 292 471 292 487 292 504 296 521 308 533L604 854C617 867 629 875 646 875 663 875 679 871 692 858 704 846 713 829 713 812 713 796 708 779 692 767L438 487 692 225C700 217 708 204 708 187 708 171 704 154 692 142 675 129 663 125 646 125Z\"><\/path><\/svg>\t\t\t\t\t<\/div>\n\t\t\t\t\t<div class=\"elementor-swiper-button elementor-swiper-button-next\" role=\"button\" tabindex=\"0\">\n\t\t\t\t\t\t<svg aria-hidden=\"true\" class=\"e-font-icon-svg e-eicon-chevron-right\" viewBox=\"0 0 1000 1000\" xmlns=\"http:\/\/www.w3.org\/2000\/svg\"><path d=\"M696 533C708 521 713 504 713 487 713 471 708 454 696 446L400 146C388 133 375 125 354 125 338 125 325 129 313 142 300 154 292 171 292 187 292 204 296 221 308 233L563 492 304 771C292 783 288 800 288 817 288 833 296 850 308 863 321 871 338 875 354 875 371 875 388 867 400 854L696 533Z\"><\/path><\/svg>\t\t\t\t\t<\/div>\n\t\t\t\t\n\t\t\t\t\t\t\t\t\t<div class=\"swiper-pagination\"><\/div>\n\t\t\t\t\t\t\t\t\t<\/div>\n\t\t\t\t\t\t<\/div>\n\t\t\t\t<\/div>\n\t\t\t\t<\/div>\n\t\t\t\t\t<\/div>\n\t\t\t\t<\/div>\n\t\t<div class=\"elementor-element elementor-element-a0c239a e-flex e-con-boxed e-con e-parent\" data-id=\"a0c239a\" data-element_type=\"container\">\n\t\t\t\t\t<div class=\"e-con-inner\">\n\t\t<div class=\"elementor-element elementor-element-bf8683e e-con-full e-flex e-con e-child\" data-id=\"bf8683e\" data-element_type=\"container\">\n\t\t\t\t<div class=\"elementor-element elementor-element-6693bf5 elementor-widget elementor-widget-overlap-cta\" data-id=\"6693bf5\" data-element_type=\"widget\" data-widget_type=\"overlap-cta.default\">\n\t\t\t\t<div class=\"elementor-widget-container\">\n\t\t\t\t\t<div class=\"overlap-cta \">\n    <div class=\"overlap-cta-content\">\n                    <h2>Kontaktieren Sie uns oder stellen Sie eine Anfrage<\/h2>\n        \n                    <p><p>M\u00f6chten Sie mehr \u00fcber Edelstahl erfahren oder sich von unseren Experten beraten lassen? Bitte kontaktieren Sie uns direkt. M\u00f6chten Sie direkt ein Angebot erhalten? Wir haben einen einzigartigen und einfachen Schritt-f\u00fcr-Schritt-Plan, der Ihnen bei Ihrer Anfrage hilft. <\/p>\n<\/p>\n        \n        \t\t\t<div class=\"gpi-button white\">\n\t\t\t\t<a href=\"https:\/\/gpi-tanksxl.com\/de\/kontakt\/\">\n\t\t\t\t\t<span>Direkt Kontakt aufnehmen<\/span>\n\n\t\t\t\t\t<!-- Icon -->\n\t\t\t\t\t<div class=\"gpi-button-icon\">\n\t\t\t\t\t\t<svg width=\"17\" height=\"16\" viewBox=\"0 0 17 16\" fill=\"none\" xmlns=\"http:\/\/www.w3.org\/2000\/svg\" class=\"inner-arrow\">\n\t\t\t\t\t\t\t<path d=\"M8.60352 0L7.19352 1.41L12.7735 7H0.603516V9H12.7735L7.19352 14.59L8.60352 16L16.6035 8L8.60352 0Z\" fill=\"#00A799\"\/>\n\t\t\t\t\t\t<\/svg>\n\n\t\t\t\t\t\t<svg width=\"52\" height=\"52\" class=\"outer-circle\">\n\t\t\t\t\t\t\t<circle cx=\"26\" cy=\"26\" r=\"24\" stroke=\"#e1e1e1\" stroke-width=\"1\" fill-opacity=\"0\"><\/circle>\n\t\t\t\t\t\t\t<circle class=\"circle\" cx=\"26\" cy=\"26\" r=\"24\" stroke=\"#00a799\" fill=\"#fff\" stroke-width=\"3\"><\/circle>\n\t\t\t\t\t\t<\/svg>\n\t\t\t\t\t<\/div>\n\t\t\t\t<\/a>\n\t\t\t<\/div>\n            <\/div>\n\n    <div class=\"overlap-cta-image\"><\/div>\n<\/div>\t\t\t\t<\/div>\n\t\t\t\t<\/div>\n\t\t\t\t<\/div>\n\t\t\t\t\t<\/div>\n\t\t\t\t<\/div>\n\t\t\t\t<\/div>\n\t\t","protected":false},"excerpt":{"rendered":"<p>Warum Edelstahltanks? Um hochwertige Lagertanks herzustellen, w\u00e4hlen wir ausschlie\u00dflich Edelstahl Gpi Tanks XL produziert Lagertanks aus Edelstahl. Edelstahl ist entweder rostbest\u00e4ndiger oder rostfreier Stahl. Beide Bezeichnungen sind korrekt in der Anwendung. Andere Bezeichnungen sind \u201eStainless Steel\u201c im Englischen und \u201eInox\u201c vom Franz\u00f6sischen inoxydable (=rostfrei). Es ist wichtig zu beachten, dass Edelstahl \u2013 wie oft angenommen [&hellip;]<\/p>\n","protected":false},"author":1,"featured_media":0,"parent":0,"menu_order":0,"comment_status":"closed","ping_status":"closed","template":"elementor_header_footer","meta":{"_acf_changed":false,"footnotes":""},"class_list":["post-104777","page","type-page","status-publish","hentry"],"acf":[],"_links":{"self":[{"href":"https:\/\/gpi-tanksxl.com\/de\/wp-json\/wp\/v2\/pages\/104777","targetHints":{"allow":["GET"]}}],"collection":[{"href":"https:\/\/gpi-tanksxl.com\/de\/wp-json\/wp\/v2\/pages"}],"about":[{"href":"https:\/\/gpi-tanksxl.com\/de\/wp-json\/wp\/v2\/types\/page"}],"author":[{"embeddable":true,"href":"https:\/\/gpi-tanksxl.com\/de\/wp-json\/wp\/v2\/users\/1"}],"replies":[{"embeddable":true,"href":"https:\/\/gpi-tanksxl.com\/de\/wp-json\/wp\/v2\/comments?post=104777"}],"version-history":[{"count":1,"href":"https:\/\/gpi-tanksxl.com\/de\/wp-json\/wp\/v2\/pages\/104777\/revisions"}],"predecessor-version":[{"id":104778,"href":"https:\/\/gpi-tanksxl.com\/de\/wp-json\/wp\/v2\/pages\/104777\/revisions\/104778"}],"wp:attachment":[{"href":"https:\/\/gpi-tanksxl.com\/de\/wp-json\/wp\/v2\/media?parent=104777"}],"curies":[{"name":"wp","href":"https:\/\/api.w.org\/{rel}","templated":true}]}}