{"id":104430,"date":"2025-02-27T13:20:11","date_gmt":"2025-02-27T13:20:11","guid":{"rendered":"https:\/\/gpi-tanksxl.com\/wir-ueber-uns\/"},"modified":"2025-06-12T12:50:53","modified_gmt":"2025-06-12T12:50:53","slug":"wir-ueber-uns","status":"publish","type":"page","link":"https:\/\/gpi-tanksxl.com\/de\/wir-ueber-uns\/","title":{"rendered":"Wir \u00fcber uns"},"content":{"rendered":"\t\t<div data-elementor-type=\"wp-page\" data-elementor-id=\"104430\" class=\"elementor elementor-104430 elementor-103530\" data-elementor-post-type=\"page\">\n\t\t\t\t<div class=\"elementor-element elementor-element-4c75171 e-con-full e-flex e-con e-parent\" data-id=\"4c75171\" data-element_type=\"container\" data-settings=\"{&quot;background_background&quot;:&quot;gradient&quot;}\">\n\t\t\t\t<div class=\"elementor-element elementor-element-059cb0a elementor-widget elementor-widget-brandbox\" data-id=\"059cb0a\" data-element_type=\"widget\" data-widget_type=\"brandbox.default\">\n\t\t\t\t<div class=\"elementor-widget-container\">\n\t\t\t\t\t<div class=\"brandbox\">\n\t<div class=\"brandbox-content\">\n\t\t\t\t\n\t\t\t\t\t<h1 class=\"brandbox-title\">\u00dcber Gpi Tanks XL<\/h1>\n\t\t\n\t\t\t\t\t<span class=\"brandbox-subtitle\">Experte f\u00fcr den Bau von Edelstahltanks vor Ort<\/span>\n\t\t\t<\/div>\n\n\t<div class=\"brandbox-media\">\n\t\t\t\t\t<img fetchpriority=\"high\" decoding=\"async\" width=\"1600\" height=\"1067\" src=\"https:\/\/gpi-tanksxl.com\/wp-content\/uploads\/2025\/05\/MG_8365.jpg\" class=\"attachment-full size-full\" alt=\"Baustelle mit gro\u00dfen, von Gpi Tanks XL errichteten Edelstahl-Lagertanks.\" srcset=\"https:\/\/gpi-tanksxl.com\/wp-content\/uploads\/2025\/05\/MG_8365.jpg 1600w, https:\/\/gpi-tanksxl.com\/wp-content\/uploads\/2025\/05\/MG_8365-300x200.jpg 300w, https:\/\/gpi-tanksxl.com\/wp-content\/uploads\/2025\/05\/MG_8365-1024x683.jpg 1024w, https:\/\/gpi-tanksxl.com\/wp-content\/uploads\/2025\/05\/MG_8365-768x512.jpg 768w, https:\/\/gpi-tanksxl.com\/wp-content\/uploads\/2025\/05\/MG_8365-1536x1024.jpg 1536w\" sizes=\"(max-width: 1600px) 100vw, 1600px\" \/>\t\t\t<\/div> \n<\/div>\n\n\t\t\t\t<\/div>\n\t\t\t\t<\/div>\n\t\t\t\t<\/div>\n\t\t<div class=\"elementor-element elementor-element-b616831 e-flex e-con-boxed e-con e-parent\" data-id=\"b616831\" data-element_type=\"container\">\n\t\t\t\t\t<div class=\"e-con-inner\">\n\t\t<div class=\"elementor-element elementor-element-27307eb e-con-full e-flex e-con e-child\" data-id=\"27307eb\" data-element_type=\"container\" data-settings=\"{&quot;background_background&quot;:&quot;gradient&quot;}\">\n\t\t<div class=\"elementor-element elementor-element-20c3074 e-con-full e-flex e-con e-child\" data-id=\"20c3074\" data-element_type=\"container\">\n\t\t\t\t<div class=\"elementor-element elementor-element-e3cac7c elementor-widget elementor-widget-heading\" data-id=\"e3cac7c\" data-element_type=\"widget\" data-widget_type=\"heading.default\">\n\t\t\t\t<div class=\"elementor-widget-container\">\n\t\t\t\t\t<h2 class=\"elementor-heading-title elementor-size-default\">Wir \u00fcber uns<\/h2>\t\t\t\t<\/div>\n\t\t\t\t<\/div>\n\t\t\t\t<div class=\"elementor-element elementor-element-7f694b7 elementor-widget elementor-widget-text-editor\" data-id=\"7f694b7\" data-element_type=\"widget\" data-widget_type=\"text-editor.default\">\n\t\t\t\t<div class=\"elementor-widget-container\">\n\t\t\t\t\t\t\t\t\t<p>Gpi Tanks XL ist ein technisches Fertigungsunternehmen, das auf die Herstellung von gro\u00dfen Edelstahl- und Duplex-Lagertanks bis zu 12.000 m\u00b3 spezialisiert ist. Mit \u00fcber 30 Jahren Erfahrung entwerfen, fertigen und installieren wir ma\u00dfgeschneiderte L\u00f6sungen f\u00fcr f\u00fchrende Unternehmen in Branchen wie Chemie, Bulk-Lagerung und Wasseraufbereitung. Sicherheit steht im Mittelpunkt all unserer T\u00e4tigkeiten.  <\/p><p>Aufgrund ihrer Gr\u00f6\u00dfe k\u00f6nnen diese Tanks nicht einfach transportiert werden und werden daher vor Ort beim Kunden oder in unmittelbarer N\u00e4he zu Wasser gebaut.<\/p><p>Wir realisieren sowohl Einzel- als auch Mehrtankprojekte und setzen dabei verschiedene Bauverfahren ein. Dabei streben wir stets danach, die sichersten, qualitativ hochwertigsten und effizientesten Baumethoden zu finden. <\/p>\t\t\t\t\t\t\t\t<\/div>\n\t\t\t\t<\/div>\n\t\t\t\t<div class=\"elementor-element elementor-element-43b5c3b elementor-widget elementor-widget-heading\" data-id=\"43b5c3b\" data-element_type=\"widget\" data-widget_type=\"heading.default\">\n\t\t\t\t<div class=\"elementor-widget-container\">\n\t\t\t\t\t<h3 class=\"elementor-heading-title elementor-size-default\">Unsere Mission<\/h3>\t\t\t\t<\/div>\n\t\t\t\t<\/div>\n\t\t\t\t<div class=\"elementor-element elementor-element-d3eeabd elementor-widget elementor-widget-text-editor\" data-id=\"d3eeabd\" data-element_type=\"widget\" data-widget_type=\"text-editor.default\">\n\t\t\t\t<div class=\"elementor-widget-container\">\n\t\t\t\t\t\t\t\t\tGpi ist ein Weltklassespieler f\u00fcr Weltklassespieler. Wir erkennen und verstehen die Herausforderungen, denen Sie sich als Branchenf\u00fchrer stellen. Unsere Spezialisten \u2013 vom Vertrieb \u00fcber die Konstruktion bis hin zur Ausf\u00fchrung \u2013 setzen sich daf\u00fcr ein, Ihre Prozesse effizienter, nachhaltiger und zukunftssicher zu gestalten, damit Sie Ihre Ziele erreichen. Als kundenorientiertes Unternehmen glauben wir an enge Zusammenarbeit, durchdachte L\u00f6sungen und langfristige Partnerschaften. Gemeinsam bauen wir an Ihrem Erfolg.\t\t\t\t\t\t\t\t<\/div>\n\t\t\t\t<\/div>\n\t\t\t\t<\/div>\n\t\t<div class=\"elementor-element elementor-element-2614576 e-con-full e-flex e-con e-child\" data-id=\"2614576\" data-element_type=\"container\">\n\t\t\t\t<div class=\"elementor-element elementor-element-5e70175 elementor-widget elementor-widget-overlap-cta\" data-id=\"5e70175\" data-element_type=\"widget\" data-widget_type=\"overlap-cta.default\">\n\t\t\t\t<div class=\"elementor-widget-container\">\n\t\t\t\t\t<div class=\"overlap-cta \">\n    <div class=\"overlap-cta-content\">\n                    <h2>Gpi Group<\/h2>\n        \n                    <p>Innerhalb der Gpi Group b\u00fcndeln wir die St\u00e4rken spezialisierter Unternehmen, jedes mit eigener Expertise, aber vereint durch gemeinsame Kernwerte: Fachwissen, Engagement, Innovationskraft und Verbindlichkeit. Diese Werte bilden unser Fundament und sorgen daf\u00fcr, dass wir als eine starke Organisation agieren \u2013 zuverl\u00e4ssig, entschlossen und fokussiert auf das, was wirklich z\u00e4hlt. <\/p>\n        \n        \t\t\t<div class=\"gpi-button white\">\n\t\t\t\t<a href=\"https:\/\/gpi-group.com\/\" target=\"_blank\" rel=\"noopener\">\n\t\t\t\t\t<span>Gpi Group website<\/span>\n\n\t\t\t\t\t<!-- Icon -->\n\t\t\t\t\t<div class=\"gpi-button-icon\">\n\t\t\t\t\t\t<svg width=\"17\" height=\"16\" viewBox=\"0 0 17 16\" fill=\"none\" xmlns=\"http:\/\/www.w3.org\/2000\/svg\" class=\"inner-arrow\">\n\t\t\t\t\t\t\t<path d=\"M8.60352 0L7.19352 1.41L12.7735 7H0.603516V9H12.7735L7.19352 14.59L8.60352 16L16.6035 8L8.60352 0Z\" fill=\"#00A799\"\/>\n\t\t\t\t\t\t<\/svg>\n\n\t\t\t\t\t\t<svg width=\"52\" height=\"52\" class=\"outer-circle\">\n\t\t\t\t\t\t\t<circle cx=\"26\" cy=\"26\" r=\"24\" stroke=\"#e1e1e1\" stroke-width=\"1\" fill-opacity=\"0\"><\/circle>\n\t\t\t\t\t\t\t<circle class=\"circle\" cx=\"26\" cy=\"26\" r=\"24\" stroke=\"#00a799\" fill=\"#fff\" stroke-width=\"3\"><\/circle>\n\t\t\t\t\t\t<\/svg>\n\t\t\t\t\t<\/div>\n\t\t\t\t<\/a>\n\t\t\t<\/div>\n            <\/div>\n\n    <div class=\"overlap-cta-image\"><\/div>\n<\/div>\t\t\t\t<\/div>\n\t\t\t\t<\/div>\n\t\t\t\t<\/div>\n\t\t\t\t<\/div>\n\t\t\t\t\t<\/div>\n\t\t\t\t<\/div>\n\t\t<div class=\"elementor-element elementor-element-246bfb7 e-flex e-con-boxed e-con e-parent\" data-id=\"246bfb7\" data-element_type=\"container\">\n\t\t\t\t\t<div class=\"e-con-inner\">\n\t\t<div class=\"elementor-element elementor-element-e44b560 e-con-full e-flex e-con e-child\" data-id=\"e44b560\" data-element_type=\"container\">\n\t\t\t\t<div class=\"elementor-element elementor-element-9a55ccb elementor-widget elementor-widget-image\" data-id=\"9a55ccb\" data-element_type=\"widget\" data-widget_type=\"image.default\">\n\t\t\t\t<div class=\"elementor-widget-container\">\n\t\t\t\t\t\t\t\t\t\t\t\t\t\t\t<img decoding=\"async\" width=\"1572\" height=\"884\" src=\"https:\/\/gpi-tanksxl.com\/wp-content\/uploads\/2025\/02\/MG_4488-3-2.jpg\" class=\"attachment-full size-full wp-image-102728\" alt=\"Engagierte Mitarbeiter der Gpi Group mit erhaltenen ISO-Zertifikaten in der Edelstahl-Tankbauproduktion.\" srcset=\"https:\/\/gpi-tanksxl.com\/wp-content\/uploads\/2025\/02\/MG_4488-3-2.jpg 1572w, https:\/\/gpi-tanksxl.com\/wp-content\/uploads\/2025\/02\/MG_4488-3-2-300x169.jpg 300w, https:\/\/gpi-tanksxl.com\/wp-content\/uploads\/2025\/02\/MG_4488-3-2-1024x576.jpg 1024w, https:\/\/gpi-tanksxl.com\/wp-content\/uploads\/2025\/02\/MG_4488-3-2-768x432.jpg 768w, https:\/\/gpi-tanksxl.com\/wp-content\/uploads\/2025\/02\/MG_4488-3-2-1536x864.jpg 1536w\" sizes=\"(max-width: 1572px) 100vw, 1572px\" \/>\t\t\t\t\t\t\t\t\t\t\t\t\t\t\t<\/div>\n\t\t\t\t<\/div>\n\t\t\t\t<\/div>\n\t\t<div class=\"elementor-element elementor-element-3ea2fa8 e-con-full e-flex e-con e-child\" data-id=\"3ea2fa8\" data-element_type=\"container\">\n\t\t\t\t<div class=\"elementor-element elementor-element-62adf58 elementor-widget elementor-widget-heading\" data-id=\"62adf58\" data-element_type=\"widget\" data-widget_type=\"heading.default\">\n\t\t\t\t<div class=\"elementor-widget-container\">\n\t\t\t\t\t<h2 class=\"elementor-heading-title elementor-size-default\">Zertifizierungen<\/h2>\t\t\t\t<\/div>\n\t\t\t\t<\/div>\n\t\t\t\t<div class=\"elementor-element elementor-element-be95d5c elementor-widget elementor-widget-text-editor\" data-id=\"be95d5c\" data-element_type=\"widget\" data-widget_type=\"text-editor.default\">\n\t\t\t\t<div class=\"elementor-widget-container\">\n\t\t\t\t\t\t\t\t\t<p>Wir arbeiten nach den h\u00f6chsten Standards und stellen sicher, dass wir stets transparent und regelkonform handeln. Unsere Zertifizierungen unterstreichen unser Engagement f\u00fcr Qualit\u00e4t, Sicherheit und Nachhaltigkeit. <\/p><p><strong>ISO 9001 \u2013 Qualit\u00e4tsmanagement<\/strong>: Wir stellen die kontinuierliche Verbesserung unserer Prozesse und Produkte sicher, um h\u00f6chste Qualit\u00e4t zu liefern, die den Anforderungen unserer Kunden und den gesetzlichen Vorgaben entspricht.<\/p><p><strong>ISO 14001 \u2013 Umweltmanagement<\/strong>: Wir erf\u00fcllen die gesetzlichen und regulatorischen Umweltanforderungen und verpflichten uns zu nachhaltigen Gesch\u00e4ftspraktiken. Wir sind der \u00dcberzeugung, dass es f\u00fcr unser Unternehmen wichtig ist, einen positiven Beitrag zur Gesellschaft zu leisten und gleichzeitig unseren \u00f6kologischen Fu\u00dfabdruck zu minimieren. <\/p><p><strong>ISO 45001 \u2013 Arbeitsschutz und Gesundheitsschutz<\/strong>: Wir schaffen eine sichere und gesunde Arbeitsumgebung f\u00fcr unsere Mitarbeiter und Partner, minimieren Risiken und halten uns an die h\u00f6chsten Sicherheitsstandards.<\/p>\t\t\t\t\t\t\t\t<\/div>\n\t\t\t\t<\/div>\n\t\t\t\t<div class=\"elementor-element elementor-element-70454f5 elementor-widget elementor-widget-gpi-button\" data-id=\"70454f5\" data-element_type=\"widget\" data-widget_type=\"gpi-button.default\">\n\t\t\t\t<div class=\"elementor-widget-container\">\n\t\t\t\t\t\n\t\t<div class=\"gpi-button \">\n\t\t\t<a href=\"https:\/\/gpi-tanksxl.com\/de\/qualitaet\/\" id=\"\">\n\t\t\t\t\t\t\t\t\t<span>Mehr \u00fcber unsere Zertifizierungen<br> <br> <br><\/span>\n\t\t\t\t\n\t\t\t\t<!-- Icon -->\n\t\t\t\t<div class=\"gpi-button-icon right\">\n\t\t\t\t\t<svg width=\"17\" height=\"16\" viewBox=\"0 0 17 16\" fill=\"none\" xmlns=\"http:\/\/www.w3.org\/2000\/svg\" class=\"inner-arrow\">\n\t\t\t\t\t\t<path d=\"M8.60352 0L7.19352 1.41L12.7735 7H0.603516V9H12.7735L7.19352 14.59L8.60352 16L16.6035 8L8.60352 0Z\" fill=\"#00A799\"\/>\n\t\t\t\t\t<\/svg>\n\n\t\t\t\t\t<svg width=\"52\" height=\"52\" class=\"outer-circle\">\n\t\t\t\t\t\t<circle cx=\"26\" cy=\"26\" r=\"24\" stroke=\"#e1e1e1\" stroke-width=\"1\" fill-opacity=\"0\"><\/circle>\n\t\t\t\t\t\t<circle class=\"circle\" cx=\"26\" cy=\"26\" r=\"24\" stroke=\"#00a799\" fill=\"#fff\" stroke-width=\"3\"><\/circle>\n\t\t\t\t\t<\/svg>\n\t\t\t\t<\/div>\n\t\t\t<\/a>\n\t\t<\/div>\n\n\t\t\t\t\t\t<\/div>\n\t\t\t\t<\/div>\n\t\t\t\t<\/div>\n\t\t\t\t\t<\/div>\n\t\t\t\t<\/div>\n\t\t<div class=\"elementor-element elementor-element-516bfa4 e-flex e-con-boxed e-con e-parent\" data-id=\"516bfa4\" data-element_type=\"container\">\n\t\t\t\t\t<div class=\"e-con-inner\">\n\t\t<div class=\"elementor-element elementor-element-5eeb3a1 e-con-full e-flex e-con e-child\" data-id=\"5eeb3a1\" data-element_type=\"container\">\n\t\t\t\t<div class=\"elementor-element elementor-element-d8e8a7a elementor-widget elementor-widget-image\" data-id=\"d8e8a7a\" data-element_type=\"widget\" data-widget_type=\"image.default\">\n\t\t\t\t<div class=\"elementor-widget-container\">\n\t\t\t\t\t\t\t\t\t\t\t\t\t\t\t<img decoding=\"async\" width=\"2100\" height=\"1400\" src=\"https:\/\/gpi-tanksxl.com\/wp-content\/uploads\/2025\/05\/MG_4415-v2.jpg\" class=\"attachment-full size-full wp-image-106112\" alt=\"Ladeanschluss mit Stecker eines Elektroautos bei Gpi Tanks &amp; Process Equipment.\" srcset=\"https:\/\/gpi-tanksxl.com\/wp-content\/uploads\/2025\/05\/MG_4415-v2.jpg 2100w, https:\/\/gpi-tanksxl.com\/wp-content\/uploads\/2025\/05\/MG_4415-v2-300x200.jpg 300w, https:\/\/gpi-tanksxl.com\/wp-content\/uploads\/2025\/05\/MG_4415-v2-1024x683.jpg 1024w, https:\/\/gpi-tanksxl.com\/wp-content\/uploads\/2025\/05\/MG_4415-v2-768x512.jpg 768w, https:\/\/gpi-tanksxl.com\/wp-content\/uploads\/2025\/05\/MG_4415-v2-1536x1024.jpg 1536w, https:\/\/gpi-tanksxl.com\/wp-content\/uploads\/2025\/05\/MG_4415-v2-2048x1365.jpg 2048w\" sizes=\"(max-width: 2100px) 100vw, 2100px\" \/>\t\t\t\t\t\t\t\t\t\t\t\t\t\t\t<\/div>\n\t\t\t\t<\/div>\n\t\t\t\t<\/div>\n\t\t<div class=\"elementor-element elementor-element-ddee78b e-con-full e-flex e-con e-child\" data-id=\"ddee78b\" data-element_type=\"container\">\n\t\t\t\t<div class=\"elementor-element elementor-element-e952890 elementor-widget elementor-widget-heading\" data-id=\"e952890\" data-element_type=\"widget\" data-widget_type=\"heading.default\">\n\t\t\t\t<div class=\"elementor-widget-container\">\n\t\t\t\t\t<h2 class=\"elementor-heading-title elementor-size-default\">Sicherheit, Qualit\u00e4t &amp; Nachhaltigkeit<\/h2>\t\t\t\t<\/div>\n\t\t\t\t<\/div>\n\t\t\t\t<div class=\"elementor-element elementor-element-5df8422 elementor-widget elementor-widget-text-editor\" data-id=\"5df8422\" data-element_type=\"widget\" data-widget_type=\"text-editor.default\">\n\t\t\t\t<div class=\"elementor-widget-container\">\n\t\t\t\t\t\t\t\t\t<p>Sicherheit, Qualit\u00e4t und Nachhaltigkeit sind untrennbar mit unseren Betriebsabl\u00e4ufen verbunden. Dies erm\u00f6glicht es uns, unseren Kunden weltweit zuverl\u00e4ssige, langlebige und qualitativ hochwertige L\u00f6sungen zu bieten. <\/p>\t\t\t\t\t\t\t\t<\/div>\n\t\t\t\t<\/div>\n\t\t\t\t<div class=\"elementor-element elementor-element-98562a5 elementor-widget elementor-widget-gpi-button\" data-id=\"98562a5\" data-element_type=\"widget\" data-widget_type=\"gpi-button.default\">\n\t\t\t\t<div class=\"elementor-widget-container\">\n\t\t\t\t\t\n\t\t<div class=\"gpi-button \">\n\t\t\t<a href=\"https:\/\/gpi-tanksxl.com\/de\/sicherheit\/\" id=\"\">\n\t\t\t\t\t\t\t\t\t<span>Sicherheit<\/span>\n\t\t\t\t\n\t\t\t\t<!-- Icon -->\n\t\t\t\t<div class=\"gpi-button-icon right\">\n\t\t\t\t\t<svg width=\"17\" height=\"16\" viewBox=\"0 0 17 16\" fill=\"none\" xmlns=\"http:\/\/www.w3.org\/2000\/svg\" class=\"inner-arrow\">\n\t\t\t\t\t\t<path d=\"M8.60352 0L7.19352 1.41L12.7735 7H0.603516V9H12.7735L7.19352 14.59L8.60352 16L16.6035 8L8.60352 0Z\" fill=\"#00A799\"\/>\n\t\t\t\t\t<\/svg>\n\n\t\t\t\t\t<svg width=\"52\" height=\"52\" class=\"outer-circle\">\n\t\t\t\t\t\t<circle cx=\"26\" cy=\"26\" r=\"24\" stroke=\"#e1e1e1\" stroke-width=\"1\" fill-opacity=\"0\"><\/circle>\n\t\t\t\t\t\t<circle class=\"circle\" cx=\"26\" cy=\"26\" r=\"24\" stroke=\"#00a799\" fill=\"#fff\" stroke-width=\"3\"><\/circle>\n\t\t\t\t\t<\/svg>\n\t\t\t\t<\/div>\n\t\t\t<\/a>\n\t\t<\/div>\n\n\t\t\t\t\t\t<\/div>\n\t\t\t\t<\/div>\n\t\t\t\t<div class=\"elementor-element elementor-element-6a1f035 elementor-widget elementor-widget-gpi-button\" data-id=\"6a1f035\" data-element_type=\"widget\" data-widget_type=\"gpi-button.default\">\n\t\t\t\t<div class=\"elementor-widget-container\">\n\t\t\t\t\t\n\t\t<div class=\"gpi-button \">\n\t\t\t<a href=\"https:\/\/gpi-tanksxl.com\/de\/qualitaet\/\" id=\"\">\n\t\t\t\t\t\t\t\t\t<span>Qualit\u00e4t<\/span>\n\t\t\t\t\n\t\t\t\t<!-- Icon -->\n\t\t\t\t<div class=\"gpi-button-icon right\">\n\t\t\t\t\t<svg width=\"17\" height=\"16\" viewBox=\"0 0 17 16\" fill=\"none\" xmlns=\"http:\/\/www.w3.org\/2000\/svg\" class=\"inner-arrow\">\n\t\t\t\t\t\t<path d=\"M8.60352 0L7.19352 1.41L12.7735 7H0.603516V9H12.7735L7.19352 14.59L8.60352 16L16.6035 8L8.60352 0Z\" fill=\"#00A799\"\/>\n\t\t\t\t\t<\/svg>\n\n\t\t\t\t\t<svg width=\"52\" height=\"52\" class=\"outer-circle\">\n\t\t\t\t\t\t<circle cx=\"26\" cy=\"26\" r=\"24\" stroke=\"#e1e1e1\" stroke-width=\"1\" fill-opacity=\"0\"><\/circle>\n\t\t\t\t\t\t<circle class=\"circle\" cx=\"26\" cy=\"26\" r=\"24\" stroke=\"#00a799\" fill=\"#fff\" stroke-width=\"3\"><\/circle>\n\t\t\t\t\t<\/svg>\n\t\t\t\t<\/div>\n\t\t\t<\/a>\n\t\t<\/div>\n\n\t\t\t\t\t\t<\/div>\n\t\t\t\t<\/div>\n\t\t\t\t<div class=\"elementor-element elementor-element-b845cc9 elementor-widget elementor-widget-gpi-button\" data-id=\"b845cc9\" data-element_type=\"widget\" data-widget_type=\"gpi-button.default\">\n\t\t\t\t<div class=\"elementor-widget-container\">\n\t\t\t\t\t\n\t\t<div class=\"gpi-button \">\n\t\t\t<a href=\"https:\/\/gpi-tanksxl.com\/de\/nachhaltigkeit\/\" id=\"\">\n\t\t\t\t\t\t\t\t\t<span>Nachhaltigkeit<\/span>\n\t\t\t\t\n\t\t\t\t<!-- Icon -->\n\t\t\t\t<div class=\"gpi-button-icon right\">\n\t\t\t\t\t<svg width=\"17\" height=\"16\" viewBox=\"0 0 17 16\" fill=\"none\" xmlns=\"http:\/\/www.w3.org\/2000\/svg\" class=\"inner-arrow\">\n\t\t\t\t\t\t<path d=\"M8.60352 0L7.19352 1.41L12.7735 7H0.603516V9H12.7735L7.19352 14.59L8.60352 16L16.6035 8L8.60352 0Z\" fill=\"#00A799\"\/>\n\t\t\t\t\t<\/svg>\n\n\t\t\t\t\t<svg width=\"52\" height=\"52\" class=\"outer-circle\">\n\t\t\t\t\t\t<circle cx=\"26\" cy=\"26\" r=\"24\" stroke=\"#e1e1e1\" stroke-width=\"1\" fill-opacity=\"0\"><\/circle>\n\t\t\t\t\t\t<circle class=\"circle\" cx=\"26\" cy=\"26\" r=\"24\" stroke=\"#00a799\" fill=\"#fff\" stroke-width=\"3\"><\/circle>\n\t\t\t\t\t<\/svg>\n\t\t\t\t<\/div>\n\t\t\t<\/a>\n\t\t<\/div>\n\n\t\t\t\t\t\t<\/div>\n\t\t\t\t<\/div>\n\t\t\t\t<\/div>\n\t\t\t\t\t<\/div>\n\t\t\t\t<\/div>\n\t\t\t\t<\/div>\n\t\t","protected":false},"excerpt":{"rendered":"<p>\u00dcber Gpi Tanks XL Experte f\u00fcr den Bau von Edelstahltanks vor Ort Wir \u00fcber uns Gpi Tanks XL ist ein technisches Fertigungsunternehmen, das auf die Herstellung von gro\u00dfen Edelstahl- und Duplex-Lagertanks bis zu 12.000 m\u00b3 spezialisiert ist. Mit \u00fcber 30 Jahren Erfahrung entwerfen, fertigen und installieren wir ma\u00dfgeschneiderte L\u00f6sungen f\u00fcr f\u00fchrende Unternehmen in Branchen wie [&hellip;]<\/p>\n","protected":false},"author":1,"featured_media":0,"parent":0,"menu_order":0,"comment_status":"closed","ping_status":"closed","template":"elementor_header_footer","meta":{"_acf_changed":false,"footnotes":""},"class_list":["post-104430","page","type-page","status-publish","hentry"],"acf":[],"_links":{"self":[{"href":"https:\/\/gpi-tanksxl.com\/de\/wp-json\/wp\/v2\/pages\/104430","targetHints":{"allow":["GET"]}}],"collection":[{"href":"https:\/\/gpi-tanksxl.com\/de\/wp-json\/wp\/v2\/pages"}],"about":[{"href":"https:\/\/gpi-tanksxl.com\/de\/wp-json\/wp\/v2\/types\/page"}],"author":[{"embeddable":true,"href":"https:\/\/gpi-tanksxl.com\/de\/wp-json\/wp\/v2\/users\/1"}],"replies":[{"embeddable":true,"href":"https:\/\/gpi-tanksxl.com\/de\/wp-json\/wp\/v2\/comments?post=104430"}],"version-history":[{"count":22,"href":"https:\/\/gpi-tanksxl.com\/de\/wp-json\/wp\/v2\/pages\/104430\/revisions"}],"predecessor-version":[{"id":108900,"href":"https:\/\/gpi-tanksxl.com\/de\/wp-json\/wp\/v2\/pages\/104430\/revisions\/108900"}],"wp:attachment":[{"href":"https:\/\/gpi-tanksxl.com\/de\/wp-json\/wp\/v2\/media?parent=104430"}],"curies":[{"name":"wp","href":"https:\/\/api.w.org\/{rel}","templated":true}]}}